{"id":6119,"date":"2024-03-13T09:50:00","date_gmt":"2024-03-13T09:50:00","guid":{"rendered":"https:\/\/cafeyte.net\/?post_type=product&#038;p=6119"},"modified":"2025-10-04T18:45:35","modified_gmt":"2025-10-04T18:45:35","slug":"kitmouse","status":"publish","type":"product","link":"https:\/\/cafeyte.net\/index.php\/producto\/kitmouse\/","title":{"rendered":"KIT Espuma Autobronceadora Blanca e Invisible Sobre Tu Piel + Guante Aplicador Seda Para tu Piel"},"content":{"rendered":"<h5><span style=\"color: #000000;\">COLOR DORADO NATURAL SUAVE &amp; LIGERO Sin necesidad de exponerte al sol!<\/span><\/h5>\n<p><strong><span style=\"color: #008000;\">CAFEYTE ESPUMA AUTOBRONCEADORA BLANCA E INVISIBLE SOBRE SU PIEL\u00a0<\/span><\/strong><\/p>\n<p><span style=\"color: #000000;\">Cafeyte es una espuma blanca que besa tu piel con un brillo bronceado sin transferencia en seis horas.<\/span><br \/>\n<span style=\"color: #000000;\">Obt\u00e9n un bronceado hermoso y como besado por el sol en solo 60 segundos. Esta espuma ligera y aireada funciona con el tono de tu piel para imitar los resultados que obtendr\u00edas con el sol natural y sin el desagradable olor a bronceador. &#8211; La f\u00f3rmula natural te permite ver el resultado con un brillo preciso y uniforme que se seca &#8211; El color se desarrolla instant\u00e1neamente y continuar\u00e1 desarroll\u00e1ndose durante varias horas despu\u00e9s de la aplicaci\u00f3n &#8211; Si desea un color m\u00e1s profundo, la f\u00f3rmula es edificable y puede aplicarse nuevamente preferiblemente al d\u00eda siguiente.<\/span><\/p>\n<p><span style=\"color: #000000;\">\u00bfQuieres lucir un bronceado espectacular?<\/span><br \/>\n<span style=\"color: #000000;\">Este es tu momento para lograrlo con esta espuma corporal autobronceadora<\/span><\/p>\n<p><span style=\"color: #008000;\"><strong>BENEFICIOS:<\/strong><\/span><\/p>\n<p><span style=\"color: #000000;\">Aporta a la piel un bronceado natural.<\/span><br \/>\n<span style=\"color: #000000;\">Activos bronceadores 100% naturales y veganos<\/span><br \/>\n<span style=\"color: #000000;\">Rapida absorci\u00f2n<\/span><br \/>\n<span style=\"color: #000000;\">Sin transferencia<\/span><br \/>\n<span style=\"color: #000000;\">F\u00e1cil de aplicar<\/span><\/p>\n<p><strong><span style=\"color: #008000;\">CONSEJOS DE AUTOBRONCEDO:<\/span><\/strong><\/p>\n<p><span style=\"color: #000000;\">Paso 1: Preferiblemente exfolia tu piel<\/span><br \/>\n<span style=\"color: #000000;\">Paso 2: Aplica crema hidratante en tobillos, codos y rodillas<\/span><br \/>\n<span style=\"color: #000000;\">Paso 3: Agite el autobronceador adecuadamente antes de usar sobre tu piel seca, bombee una peque\u00f1a cantidad de la espuma en el guante.<\/span><br \/>\n<span style=\"color: #000000;\">Paso 4: Con movimientos circulares, aplique la espuma directamente en su cuerpo.<\/span><br \/>\n<span style=\"color: #000000;\">Paso 5: Espere 60 segundos antes de vestirse.<\/span><br \/>\n<span style=\"color: #000000;\">Paso 6: Evite la transpiraci\u00f3n o el agua durante seis horas mientras se desarrolla el bronceado.<\/span><br \/>\n<span style=\"color: #000000;\">Paso 8: Finalmente, enjuague en la ducha despu\u00e9s de 5-8 horas.<\/span><\/p>\n<p><strong><span style=\"color: #008000;\">INGREDIENTES:<\/span><\/strong><\/p>\n<p><span style=\"color: #000000;\"><span class=\"OYPEnA text-decoration-none text-strikethrough-none\">Agua destilada, \u00e1cido hialur\u00f3nico Org\u00e1nico, (hialuronato de sodio), caprilyl, DHA, clear coffee, emulsionante vegetal, aceite de almendras, otras materias primas de origen estrictamente vegetal, Producto biodegradable, Sin preservativos, Libre de gluten, Suave y seguro para<\/span> <span class=\"OYPEnA text-decoration-none text-strikethrough-none\">todo tipo de piel.<\/span><\/span><\/p>\n<p><span style=\"color: #000000;\">El producto empieza a actuar despu\u00e9s de 3 a 4 horas. Te dejar\u00e1 un tono dorado natural, suave y ligero. Dependiendo el look final que quieras, puedes dar las aplicaciones que desees.<\/span><\/p>\n<p><span style=\"color: #000000;\">Act\u00faa activando la melanina de la piel para tomar el color deseado.<\/span><br \/>\n<span style=\"color: #000000;\">No mancha la ropa.<\/span><br \/>\n<span style=\"color: #000000;\">El bronceado te puede durar entre 5 a 7 d\u00edas aproximadamente aplicar semanalmente para mantener el tono.<\/span><\/p>\n<p>&nbsp;<\/p>\n<p>&nbsp;<\/p>\n","protected":false},"excerpt":{"rendered":"<p><span style=\"color: #000000;\"><strong>CAFEYTE ESPUMA AUTOBRONCEADORA BLANCA E INVISIBLE SOBRE SU PIEL. <span style=\"color: #008000;\">(PRECIO EN MXN)<\/span><\/strong><\/span><\/p>\n<p>&nbsp;<\/p>\n","protected":false},"featured_media":6120,"comment_status":"open","ping_status":"closed","template":"","meta":{"_uag_custom_page_level_css":"","site-sidebar-layout":"default","site-content-layout":"","ast-site-content-layout":"default","site-content-style":"default","site-sidebar-style":"default","ast-global-header-display":"","ast-banner-title-visibility":"","ast-main-header-display":"","ast-hfb-above-header-display":"","ast-hfb-below-header-display":"","ast-hfb-mobile-header-display":"","site-post-title":"","ast-breadcrumbs-content":"","ast-featured-img":"","footer-sml-layout":"","theme-transparent-header-meta":"default","adv-header-id-meta":"","stick-header-meta":"","header-above-stick-meta":"","header-main-stick-meta":"","header-below-stick-meta":"","astra-migrate-meta-layouts":"set"},"product_cat":[63],"product_tag":[],"uagb_featured_image_src":{"full":["https:\/\/cafeyte.net\/wp-content\/uploads\/2024\/03\/manopla1.jpg",1772,1654,false],"thumbnail":["https:\/\/cafeyte.net\/wp-content\/uploads\/2024\/03\/manopla1-150x150.jpg",150,150,true],"medium":["https:\/\/cafeyte.net\/wp-content\/uploads\/2024\/03\/manopla1-300x280.jpg",300,280,true],"medium_large":["https:\/\/cafeyte.net\/wp-content\/uploads\/2024\/03\/manopla1-768x717.jpg",768,717,true],"large":["https:\/\/cafeyte.net\/wp-content\/uploads\/2024\/03\/manopla1-1024x956.jpg",1024,956,true],"1536x1536":["https:\/\/cafeyte.net\/wp-content\/uploads\/2024\/03\/manopla1-1536x1434.jpg",1536,1434,true],"2048x2048":["https:\/\/cafeyte.net\/wp-content\/uploads\/2024\/03\/manopla1.jpg",1772,1654,false],"mailpoet_newsletter_max":["https:\/\/cafeyte.net\/wp-content\/uploads\/2024\/03\/manopla1-1320x1232.jpg",1320,1232,true],"woocommerce_thumbnail":["https:\/\/cafeyte.net\/wp-content\/uploads\/2024\/03\/manopla1-300x300.jpg",300,300,true],"woocommerce_single":["https:\/\/cafeyte.net\/wp-content\/uploads\/2024\/03\/manopla1-600x560.jpg",600,560,true],"woocommerce_gallery_thumbnail":["https:\/\/cafeyte.net\/wp-content\/uploads\/2024\/03\/manopla1-100x100.jpg",100,100,true]},"uagb_author_info":{"display_name":"cafeyte.net","author_link":"https:\/\/cafeyte.net\/index.php\/author\/"},"uagb_comment_info":1,"uagb_excerpt":"CAFEYTE ESPUMA AUTOBRONCEADORA BLANCA E INVISIBLE SOBRE SU PIEL. (PRECIO EN MXN) &nbsp;","_links":{"self":[{"href":"https:\/\/cafeyte.net\/index.php\/wp-json\/wp\/v2\/product\/6119"}],"collection":[{"href":"https:\/\/cafeyte.net\/index.php\/wp-json\/wp\/v2\/product"}],"about":[{"href":"https:\/\/cafeyte.net\/index.php\/wp-json\/wp\/v2\/types\/product"}],"replies":[{"embeddable":true,"href":"https:\/\/cafeyte.net\/index.php\/wp-json\/wp\/v2\/comments?post=6119"}],"wp:featuredmedia":[{"embeddable":true,"href":"https:\/\/cafeyte.net\/index.php\/wp-json\/wp\/v2\/media\/6120"}],"wp:attachment":[{"href":"https:\/\/cafeyte.net\/index.php\/wp-json\/wp\/v2\/media?parent=6119"}],"wp:term":[{"taxonomy":"product_cat","embeddable":true,"href":"https:\/\/cafeyte.net\/index.php\/wp-json\/wp\/v2\/product_cat?post=6119"},{"taxonomy":"product_tag","embeddable":true,"href":"https:\/\/cafeyte.net\/index.php\/wp-json\/wp\/v2\/product_tag?post=6119"}],"curies":[{"name":"wp","href":"https:\/\/api.w.org\/{rel}","templated":true}]}}