{"id":6084,"date":"2024-03-13T03:54:21","date_gmt":"2024-03-13T03:54:21","guid":{"rendered":"https:\/\/cafeyte.net\/?post_type=product&#038;p=6084"},"modified":"2024-03-13T06:52:36","modified_gmt":"2024-03-13T06:52:36","slug":"kit","status":"publish","type":"product","link":"https:\/\/cafeyte.net\/index.php\/producto\/kit\/","title":{"rendered":"KIT Caf\u00e9 Molido y Tostado a la le\u00f1a empacado en 25 bolsitas filtrantes tipo t\u00e9 + Porta Tazas decorado con granos de caf\u00e9"},"content":{"rendered":"<p>Cafeyte, es una nueva propuesta enfocada a la comercializaci\u00f3n de caf\u00e9 100% Colombiano tostado y molido, empacado en una presentaci\u00f3n moderna y pr\u00e1ctica llamada FILS (bolsas filtrantes individuales de caf\u00e9). Esta presentaci\u00f3n facilita el consumo conservando la tradici\u00f3n y cultura del caf\u00e9, adapt\u00e1ndola al cambio de costumbres de la sociedad actual, ofreciendo un producto de alta calidad e innovando la forma de su preparaci\u00f3n para hacerle mas c\u00f3moda, amable y f\u00e1cil la vida al consumidor.<\/p>\n<p>Empaque exterior en Bolsa\u00a0 Stand Up Pouch Cierre Herm\u00e9tico TIPO ZIPLOC. Ofrece una excelente barrera a la humedad, ox\u00edgeno y a la luz <span style=\"font-size: 16px;\">incluye x 30 fils. \u00a1Toma caf\u00e9 como tomabas t\u00e9! Calienta agua o leche, agr\u00e9galo en una taza, luego pon la bolsita de Cafeyte dentro, presi\u00f3nala y disfruta. \u00a1Sin m\u00e1quinas y en menos de dos minutos!<\/span><\/p>\n<h5>SOSTENIBILIDAD<\/h5>\n<p>Cafeyte fue concebido para ayudar al desarrollo de las comunidades cafetaleras de nuestro pa\u00eds.<\/p>\n<p>Tambi\u00e9n ofrecemos soluciones al agricultor ya que creamos una PRIMA AGRO Y UNA PRIMA DE BENEFICIO, que se traducen en una prima del caf\u00e9 a favor del agricultor para que pueda desarrollarse como persona, familia y empresa y de esta manera garantizamos el resultado final. consumidor un producto de alta calidad. .<\/p>\n<p>La artesan\u00eda resume la verdadera belleza de las culturas.<\/p>\n<p>Este hermoso Porta Tazas est\u00e1 cuidadosamente elaborado por artesanos de Chiapas M\u00e9xico. Incluye: Uno juego de 4 porta tazas con base.<\/p>\n<p>&nbsp;<\/p>\n<p>&nbsp;<\/p>\n","protected":false},"excerpt":{"rendered":"<p>Kit Caf\u00e9 Tostado y Molido 200gr. + Un juego de (4) Porta Tazas (1) base<\/p>\n<p>&nbsp;<\/p>\n","protected":false},"featured_media":6090,"comment_status":"open","ping_status":"closed","template":"","meta":{"_uag_custom_page_level_css":"","site-sidebar-layout":"default","site-content-layout":"","ast-site-content-layout":"default","site-content-style":"default","site-sidebar-style":"default","ast-global-header-display":"","ast-banner-title-visibility":"","ast-main-header-display":"","ast-hfb-above-header-display":"","ast-hfb-below-header-display":"","ast-hfb-mobile-header-display":"","site-post-title":"","ast-breadcrumbs-content":"","ast-featured-img":"","footer-sml-layout":"","theme-transparent-header-meta":"default","adv-header-id-meta":"","stick-header-meta":"","header-above-stick-meta":"","header-main-stick-meta":"","header-below-stick-meta":"","astra-migrate-meta-layouts":"set"},"product_cat":[63],"product_tag":[],"uagb_featured_image_src":{"full":["https:\/\/cafeyte.net\/wp-content\/uploads\/2024\/03\/22-1.png",1417,1181,false],"thumbnail":["https:\/\/cafeyte.net\/wp-content\/uploads\/2024\/03\/22-1-150x150.png",150,150,true],"medium":["https:\/\/cafeyte.net\/wp-content\/uploads\/2024\/03\/22-1-300x250.png",300,250,true],"medium_large":["https:\/\/cafeyte.net\/wp-content\/uploads\/2024\/03\/22-1-768x640.png",768,640,true],"large":["https:\/\/cafeyte.net\/wp-content\/uploads\/2024\/03\/22-1-1024x853.png",1024,853,true],"1536x1536":["https:\/\/cafeyte.net\/wp-content\/uploads\/2024\/03\/22-1.png",1417,1181,false],"2048x2048":["https:\/\/cafeyte.net\/wp-content\/uploads\/2024\/03\/22-1.png",1417,1181,false],"mailpoet_newsletter_max":["https:\/\/cafeyte.net\/wp-content\/uploads\/2024\/03\/22-1-1320x1100.png",1320,1100,true],"woocommerce_thumbnail":["https:\/\/cafeyte.net\/wp-content\/uploads\/2024\/03\/22-1-300x300.png",300,300,true],"woocommerce_single":["https:\/\/cafeyte.net\/wp-content\/uploads\/2024\/03\/22-1-600x500.png",600,500,true],"woocommerce_gallery_thumbnail":["https:\/\/cafeyte.net\/wp-content\/uploads\/2024\/03\/22-1-100x100.png",100,100,true]},"uagb_author_info":{"display_name":"cafeyte.net","author_link":"https:\/\/cafeyte.net\/index.php\/author\/"},"uagb_comment_info":2,"uagb_excerpt":"Kit Caf\u00e9 Tostado y Molido 200gr. + Un juego de (4) Porta Tazas (1) base &nbsp;","_links":{"self":[{"href":"https:\/\/cafeyte.net\/index.php\/wp-json\/wp\/v2\/product\/6084"}],"collection":[{"href":"https:\/\/cafeyte.net\/index.php\/wp-json\/wp\/v2\/product"}],"about":[{"href":"https:\/\/cafeyte.net\/index.php\/wp-json\/wp\/v2\/types\/product"}],"replies":[{"embeddable":true,"href":"https:\/\/cafeyte.net\/index.php\/wp-json\/wp\/v2\/comments?post=6084"}],"wp:featuredmedia":[{"embeddable":true,"href":"https:\/\/cafeyte.net\/index.php\/wp-json\/wp\/v2\/media\/6090"}],"wp:attachment":[{"href":"https:\/\/cafeyte.net\/index.php\/wp-json\/wp\/v2\/media?parent=6084"}],"wp:term":[{"taxonomy":"product_cat","embeddable":true,"href":"https:\/\/cafeyte.net\/index.php\/wp-json\/wp\/v2\/product_cat?post=6084"},{"taxonomy":"product_tag","embeddable":true,"href":"https:\/\/cafeyte.net\/index.php\/wp-json\/wp\/v2\/product_tag?post=6084"}],"curies":[{"name":"wp","href":"https:\/\/api.w.org\/{rel}","templated":true}]}}