{"id":6070,"date":"2024-03-13T03:21:50","date_gmt":"2024-03-13T03:21:50","guid":{"rendered":"https:\/\/cafeyte.net\/?post_type=product&#038;p=6070"},"modified":"2025-10-04T18:46:07","modified_gmt":"2025-10-04T18:46:07","slug":"smarteyes","status":"publish","type":"product","link":"https:\/\/cafeyte.net\/index.php\/producto\/smarteyes\/","title":{"rendered":"Ojos Inteligentes con Doctor Bod IA &#8211; Inteligencia Artificial &#8211; (Detecci\u00f3n temprana de enfermedades) Precio en MXN"},"content":{"rendered":"<h4><span style=\"color: #000000;\">Detectar enfermedades a trav\u00e9s de los ojos<\/span><\/h4>\n<p>&nbsp;<\/p>\n<p><span style=\"color: #000000;\">Un buen examen ocular detectar\u00e1 cualquier enfermedad que podamos sufrir en nuestros ojos, incluso si no hemos tenido ning\u00fan s\u00edntoma de la misma.\u00a0Lo que no es tan conocido es que se pueden detectar enfermedades oculares que se localizan fuera del sistema ocular.<\/span><\/p>\n<p><span style=\"color: #000000;\">Se dice que \u201clos ojos son el espejo del alma\u201d o, como dijo originalmente el autor de Moby Dick, Herman Melville, a quien se atribuye esta frase, \u201clos ojos son la puerta de entrada al alma\u201d.\u00a0Esto es as\u00ed porque reflejan lo que pensamos, lo que sentimos;\u00a0nuestros miedos y deseos\u2026 Lo que no es tan conocido es que se pueden detectar enfermedades oculares localizadas en otras partes de nuestro cuerpo y fuera del sistema ocular.<\/span><\/p>\n<p><span style=\"color: #000000;\">La importancia de detectar y diagnosticar enfermedades ocultas a trav\u00e9s de los ojos es capital.\u00a0Son muchos los profesionales de la medicina general que derivan a pacientes de riesgo al oftalm\u00f3logo para un chequeo completo con el objetivo de detectar o confirmar una posible enfermedad oculta.<\/span><\/p>\n<h4><span style=\"color: #000000;\"><span class=\"OYPEnA text-decoration-none text-strikethrough-none\">Los ojos, fuente de diagn\u00f3sticos prematuros gracias a la tecnolog\u00eda con\u00a0<\/span><span class=\"OYPEnA text-decoration-none text-strikethrough-none\">Inteligencia\u00a0<\/span><span class=\"OYPEnA text-decoration-none text-strikethrough-none\">Artificial<\/span><\/span><\/h4>\n<p><span style=\"color: #000000;\"><span class=\"OYPEnA text-decoration-none text-strikethrough-none\">Los ex\u00e1menes oftalmol\u00f3gicos van mucho m\u00e1s all\u00e1 de los ojos.\u00a0<\/span><span class=\"OYPEnA text-decoration-none text-strikethrough-none\">( Doctor Bod IA\u00a0)\u00a0<\/span><span class=\"OYPEnA text-decoration-none text-strikethrough-none\">sabr\u00e1 detectar enfermedades oculares a trav\u00e9s de la actividad de sus vasos sangu\u00edneos.\u00a0Por ejemplo, es posible que descubramos peque\u00f1os sangrados irregulares en nuestra retina que no provocar\u00e1n ning\u00fan problema de visi\u00f3n y que ser\u00e1n s\u00edntoma de una enfermedad producida y localizada en otra parte de nuestro cuerpo.<\/span><\/span><\/p>\n<h4><span class=\"OYPEnA text-decoration-none text-strikethrough-none\" style=\"color: #000000;\">\u00bfQu\u00e9 enfermedades se pueden detectar a trav\u00e9s de los ojos?<\/span><\/h4>\n<ul>\n<li><span class=\"OYPEnA text-decoration-none text-strikethrough-none\" style=\"color: #000000;\">Tumores cerebrales<\/span><\/li>\n<li><span class=\"OYPEnA text-decoration-none text-strikethrough-none\" style=\"color: #000000;\">\u00a0C\u00e1ncer\u00a0<\/span><\/li>\n<li><span class=\"OYPEnA text-decoration-none text-strikethrough-none\" style=\"color: #000000;\">Aneurisma\u00a0<\/span><\/li>\n<li><span class=\"OYPEnA text-decoration-none text-strikethrough-none\" style=\"color: #000000;\">diabetes\u00a0<\/span><\/li>\n<li><span class=\"OYPEnA text-decoration-none text-strikethrough-none\" style=\"color: #000000;\">Hipertensi\u00f3n<\/span><\/li>\n<li><span class=\"OYPEnA text-decoration-none text-strikethrough-none\" style=\"color: #000000;\">enfermedades de la tiroides\u00a0<\/span><\/li>\n<li><span class=\"OYPEnA text-decoration-none text-strikethrough-none\" style=\"color: #000000;\">Artritis reumatoide\u00a0<\/span><\/li>\n<li><span class=\"OYPEnA text-decoration-none text-strikethrough-none\" style=\"color: #000000;\">Toxicidad de las drogas<\/span><\/li>\n<li><span style=\"color: #000000;\">Lupus<\/span><\/li>\n<li><span style=\"color: #000000;\">hipercolesterolemia<\/span><\/li>\n<li><span style=\"color: #000000;\">enfermedad de lyme<\/span><\/li>\n<li><span style=\"color: #000000;\">Esclerosis m\u00faltiple<\/span><\/li>\n<li><span style=\"color: #000000;\">Miastenia gravis<\/span><\/li>\n<li><span style=\"color: #000000;\">sarcoidosis<\/span><\/li>\n<li><span style=\"color: #000000;\">Enfermedades de transmisi\u00f3n sexual<\/span><\/li>\n<li><span style=\"color: #000000;\">Anemia drepanoc\u00edtica<\/span><\/li>\n<li><span style=\"color: #000000;\">s\u00edndrome de Sjogren<\/span><\/li>\n<li><span style=\"color: #000000;\">accidente cerebrovascular<\/span><\/li>\n<li><span style=\"color: #000000;\">Enfermedad de tiroides<\/span><\/li>\n<li><span style=\"color: #000000;\">Deficiencia de vitamina A<\/span><\/li>\n<\/ul>\n<div dir=\"auto\">\n<h3 id=\"1661242617467-2\"><span style=\"color: #000000;\">\u00bfC\u00f3mo hacer un diagn\u00f3stico de Enfermedades usando tecnolog\u00eda Ojos Inteligentes Doctor Bod IA?<\/span><\/h3>\n<\/div>\n<div dir=\"auto\">\n<h5><span style=\"color: #008000;\">La soluci\u00f3n digital del diagn\u00f3stico de detecci\u00f3n de enfermedades tempranas se puede usar en 3 simples pasos:<\/span><\/h5>\n<p><span style=\"color: #000000;\">A continuacion en la imagen se detalla la forma correcta como el paciente debe hacer la toma de sus fotos con la c\u00e1mara de su movil + el lente macro por separado de cada ojo, donde se visualice completo el iris de cada uno de sus ojos.<\/span><\/p>\n<p><span style=\"color: #000000;\"><img decoding=\"async\" loading=\"lazy\" class=\"aligncenter wp-image-4814 \" src=\"https:\/\/jeyzlab.com\/wp-content\/uploads\/2024\/02\/fotosojos.jpg\" alt=\"\" width=\"722\" height=\"294\" \/><\/span><\/p>\n<div style=\"width: 1920px;\" class=\"wp-video\"><!--[if lt IE 9]><script>document.createElement('video');<\/script><![endif]-->\n<video class=\"wp-video-shortcode\" id=\"video-6070-1\" width=\"1920\" height=\"1080\" autoplay=\"1\" preload=\"metadata\" controls=\"controls\"><source type=\"video\/mp4\" src=\"https:\/\/jeyzlab.com\/wp-content\/uploads\/2020\/09\/LENTE-MACRO-WEB.mp4?_=1\" \/><a href=\"https:\/\/jeyzlab.com\/wp-content\/uploads\/2020\/09\/LENTE-MACRO-WEB.mp4\">https:\/\/jeyzlab.com\/wp-content\/uploads\/2020\/09\/LENTE-MACRO-WEB.mp4<\/a><\/video><\/div>\n<div dir=\"auto\">\n<p><span style=\"color: #000000;\"><strong>Paso 1:\u00a0<\/strong>Adquirir \u00a0el lente macro universal capaz de lograr un enfoque incre\u00edblemente n\u00edtido en los detalles m\u00e1s peque\u00f1os, que se adapta externamente a la c\u00e1mara del tel\u00e9fono m\u00f3vil + vale valor codificado incluido dentro del paquete que recibir\u00e1s una vez realizado el pago.<img decoding=\"async\" loading=\"lazy\" class=\"alignright wp-image-4931 size-medium\" src=\"https:\/\/jeyzlab.com\/wp-content\/uploads\/2024\/02\/celular_3-195x300.jpg\" alt=\"\" width=\"195\" height=\"300\" \/><\/span><\/p>\n<\/div>\n<div dir=\"auto\">\n<p><span style=\"color: #000000;\"><strong>Paso 2:<\/strong> Captura con el lente macro fotos tuyas de las zonas (ojo derecho y ojo izquierdo que se divise completo el iris de cada ojo por separado como se muestra en la im\u00e1gen arriba.) Posteriormente, enviar las imagenes en formato jpg o png via email a <a href=\"info@cafeyte.net\">info@cafeyte.net<\/a>, las instrucciones estan inclu\u00eddas dentro del mismo paquete que usted ha adquirido, especificando en el email su n\u00famero de c\u00f3digo asignado. (Con este n\u00famero de c\u00f3digo asignado tambien participa en el <strong>GRAN SORTEO\u00a0 !G\u00c1NATE UN VIAJE A COLOMBIA TODO INCLUIDO! que se llevar\u00e1 a cabo el 31 de Octubre de 2024, 8:00 P.M. Hora de Tijuana, B.C., M\u00e9xico.<\/strong><\/span><\/p>\n<p><span style=\"color: #000000;\"><strong>Paso 3:\u00a0<\/strong>Posteriormente, al recibir las fotos se proceden a entregar al profesional encargado del escaner de im\u00e1genes con (Doctor Bod AI) y adicionalmente ser\u00e1n evaluadas por nuestro personal m\u00e9dico especializado, y dentro de las siguientes 24 horas en d\u00edas h\u00e1biles se enviar\u00e1 v\u00eda correo electr\u00f3nico un diagn\u00f3stico preventivo detallado indicando el estado de salud en general del paciente.<\/span><\/p>\n<\/div>\n<\/div>\n<p><span style=\"color: #000000;\">Entenderemos la importancia de esta detecci\u00f3n comentando que Doctor Bod (Ojos Inteligentes)\u00a0ha desarrollado un programa de Inteligencia Artificial (IA) a trav\u00e9s del an\u00e1lisis de im\u00e1genes oculares, que puede vislumbrar los primeros signos de Alzheimer, trastornos por d\u00e9ficit de atenci\u00f3n y otras afecciones neurol\u00f3gicas.\u00a0Se basa en el seguimiento de cambios submilim\u00e9tricos en el tama\u00f1o de la pupila y se puede realizar de forma remota tomando im\u00e1genes de los ojos a trav\u00e9s de una lente macro universal capaz de lograr un enfoque incre\u00edblemente n\u00edtido en los detalles m\u00e1s peque\u00f1os, que se adapta externamente a la c\u00e1mara del tel\u00e9fono m\u00f3vil.<\/span><\/p>\n<p><span style=\"color: #000000;\">Es fundamental mencionar que todos estos s\u00edntomas no implicar\u00e1n que padezcas una enfermedad u otra y que s\u00f3lo este diagn\u00f3stico previo es material de apoyo para ser evaluado por un profesional de la salud de tu pa\u00eds, quien est\u00e9 capacitado y autorizado para emitir un diagn\u00f3stico final. y solicitar ex\u00e1menes adicionales en caso de ser necesario, as\u00ed como su respectivo tratamiento.<\/span><\/p>\n<div style=\"width: 4072px;\" class=\"wp-video\"><video class=\"wp-video-shortcode\" id=\"video-6070-2\" width=\"4072\" height=\"2036\" autoplay=\"1\" preload=\"metadata\" controls=\"controls\"><source type=\"video\/mp4\" src=\"https:\/\/jeyzlab.com\/wp-content\/uploads\/2024\/02\/Banner-Sorteo-1.mp4?_=2\" \/><a href=\"https:\/\/jeyzlab.com\/wp-content\/uploads\/2024\/02\/Banner-Sorteo-1.mp4\">https:\/\/jeyzlab.com\/wp-content\/uploads\/2024\/02\/Banner-Sorteo-1.mp4<\/a><\/video><\/div>\n<p>&nbsp;<\/p>\n","protected":false},"excerpt":{"rendered":"<p>Detecci\u00f3n temprana de enfermedades<\/p>\n<p>&nbsp;<\/p>\n","protected":false},"featured_media":6071,"comment_status":"open","ping_status":"closed","template":"","meta":{"_uag_custom_page_level_css":"","site-sidebar-layout":"default","site-content-layout":"","ast-site-content-layout":"default","site-content-style":"default","site-sidebar-style":"default","ast-global-header-display":"","ast-banner-title-visibility":"","ast-main-header-display":"","ast-hfb-above-header-display":"","ast-hfb-below-header-display":"","ast-hfb-mobile-header-display":"","site-post-title":"","ast-breadcrumbs-content":"","ast-featured-img":"","footer-sml-layout":"","theme-transparent-header-meta":"default","adv-header-id-meta":"","stick-header-meta":"","header-above-stick-meta":"","header-main-stick-meta":"","header-below-stick-meta":"","astra-migrate-meta-layouts":"set"},"product_cat":[56],"product_tag":[],"uagb_featured_image_src":{"full":["https:\/\/cafeyte.net\/wp-content\/uploads\/2024\/03\/32.png",1299,1417,false],"thumbnail":["https:\/\/cafeyte.net\/wp-content\/uploads\/2024\/03\/32-150x150.png",150,150,true],"medium":["https:\/\/cafeyte.net\/wp-content\/uploads\/2024\/03\/32-275x300.png",275,300,true],"medium_large":["https:\/\/cafeyte.net\/wp-content\/uploads\/2024\/03\/32-768x838.png",768,838,true],"large":["https:\/\/cafeyte.net\/wp-content\/uploads\/2024\/03\/32-939x1024.png",939,1024,true],"1536x1536":["https:\/\/cafeyte.net\/wp-content\/uploads\/2024\/03\/32.png",1299,1417,false],"2048x2048":["https:\/\/cafeyte.net\/wp-content\/uploads\/2024\/03\/32.png",1299,1417,false],"mailpoet_newsletter_max":["https:\/\/cafeyte.net\/wp-content\/uploads\/2024\/03\/32.png",1299,1417,false],"woocommerce_thumbnail":["https:\/\/cafeyte.net\/wp-content\/uploads\/2024\/03\/32-300x300.png",300,300,true],"woocommerce_single":["https:\/\/cafeyte.net\/wp-content\/uploads\/2024\/03\/32-600x655.png",600,655,true],"woocommerce_gallery_thumbnail":["https:\/\/cafeyte.net\/wp-content\/uploads\/2024\/03\/32-100x100.png",100,100,true]},"uagb_author_info":{"display_name":"cafeyte.net","author_link":"https:\/\/cafeyte.net\/index.php\/author\/"},"uagb_comment_info":1,"uagb_excerpt":"Detecci\u00f3n temprana de enfermedades &nbsp;","_links":{"self":[{"href":"https:\/\/cafeyte.net\/index.php\/wp-json\/wp\/v2\/product\/6070"}],"collection":[{"href":"https:\/\/cafeyte.net\/index.php\/wp-json\/wp\/v2\/product"}],"about":[{"href":"https:\/\/cafeyte.net\/index.php\/wp-json\/wp\/v2\/types\/product"}],"replies":[{"embeddable":true,"href":"https:\/\/cafeyte.net\/index.php\/wp-json\/wp\/v2\/comments?post=6070"}],"wp:featuredmedia":[{"embeddable":true,"href":"https:\/\/cafeyte.net\/index.php\/wp-json\/wp\/v2\/media\/6071"}],"wp:attachment":[{"href":"https:\/\/cafeyte.net\/index.php\/wp-json\/wp\/v2\/media?parent=6070"}],"wp:term":[{"taxonomy":"product_cat","embeddable":true,"href":"https:\/\/cafeyte.net\/index.php\/wp-json\/wp\/v2\/product_cat?post=6070"},{"taxonomy":"product_tag","embeddable":true,"href":"https:\/\/cafeyte.net\/index.php\/wp-json\/wp\/v2\/product_tag?post=6070"}],"curies":[{"name":"wp","href":"https:\/\/api.w.org\/{rel}","templated":true}]}}