{"id":6061,"date":"2024-03-13T03:02:52","date_gmt":"2024-03-13T03:02:52","guid":{"rendered":"https:\/\/cafeyte.net\/?post_type=product&#038;p=6061"},"modified":"2024-03-13T06:20:31","modified_gmt":"2024-03-13T06:20:31","slug":"piel","status":"publish","type":"product","link":"https:\/\/cafeyte.net\/index.php\/producto\/piel\/","title":{"rendered":"Diagn\u00f3stico de Piel con Inteligencia Artificial (IA) (Adi\u00f3s! Problemas de Piel con detecci\u00f3n temprana) Precio en MXN"},"content":{"rendered":"<h1 class=\"blog-post__title\"><span style=\"color: #000000;\">El uso de Inteligencia Artificial en el cuidado de la piel<\/span><\/h1>\n<h2 id=\"1661242617467-0\"><span style=\"color: #000000;\">\u00bfQu\u00e9 es el diagn\u00f3stico\u00a0de piel con IA?<\/span><\/h2>\n<p><span style=\"color: #000000;\">Tambien llamado<strong>\u00a0&#8216;Analisis de piel facial&#8217;<\/strong>\u00a0tiene como objetivo determinar que tipo de piel tiene una persona y las necesidades que su piel necesite, ya sea, la aplicacion de ciertas cremas, el consumo de\u00a0ciertos alimentos que tengan ciertas vitaminas o tratamientos faciales.<\/span><\/p>\n<div style=\"width: 640px;\" class=\"wp-video\"><!--[if lt IE 9]><script>document.createElement('video');<\/script><![endif]-->\n<video class=\"wp-video-shortcode\" id=\"video-6061-1\" width=\"640\" height=\"480\" autoplay=\"1\" preload=\"metadata\" controls=\"controls\"><source type=\"video\/mp4\" src=\"https:\/\/jeyzlab.com\/wp-content\/uploads\/2024\/02\/video-1.mp4?_=1\" \/><a href=\"https:\/\/jeyzlab.com\/wp-content\/uploads\/2024\/02\/video-1.mp4\">https:\/\/jeyzlab.com\/wp-content\/uploads\/2024\/02\/video-1.mp4<\/a><\/video><\/div>\n<p><span style=\"color: #000000;\"><strong>\u25b2<\/strong>Puedes notar los aspectos de la piel analizados como grasa, acne, circulos oscuros, entre otros.<\/span><\/p>\n<p><span style=\"color: #000000;\">Para esto <strong>Doctor Bod IA de Cafeyte <\/strong>hemos desarrollado soluciones tecnol\u00f3gicas para permitir que todos en cualquier parte del mundo, tengan acceso con precios accesibles, al uso de la inteligencia artificial para ayudar a la distancia a realizar an\u00e1lisis de piel y diagnosticar enfermedades prematuras por medio de escaner de im\u00e1genes de la piel facial y a trav\u00e9s de los ojos.<\/span><\/p>\n<h2 id=\"1661242617467-1\"><span style=\"color: #000000;\">\u00bfCu\u00e1l es el prop\u00f3sito de un\u00a0diagn\u00f3stico de piel?<\/span><\/h2>\n<p><span style=\"color: #000000;\">El diagnostico de piel\u00a0primordialmente ayuda a determinar\u00a0cierto tipo de piel que tienes para asi empezar a tratarla y encontrar una solucion.<\/span><\/p>\n<h3 id=\"1661242617467-2\"><span style=\"color: #000000;\">\u00bfC\u00f3mo hacer un diagn\u00f3stico de piel usando tecnologia dermatologica Doctor Bod IA?<\/span><\/h3>\n<h5><span style=\"color: #008000;\">La soluci\u00f3n digital del diagn\u00f3stico de piel se puede usar en 3 simples pasos:<\/span><\/h5>\n<p><span style=\"color: #000000;\"><img decoding=\"async\" loading=\"lazy\" class=\"aligncenter wp-image-4816 size-full\" src=\"https:\/\/jeyzlab.com\/wp-content\/uploads\/2024\/02\/caracompletayojos.jpg\" alt=\"\" width=\"1792\" height=\"320\" \/><\/span><\/p>\n<p><span style=\"color: #000000;\"><strong>Paso 1: <\/strong>Adquirir \u00a0el lente macro universal capaz de lograr un enfoque incre\u00edblemente n\u00edtido en los detalles m\u00e1s peque\u00f1os, que se adapta externamente a la c\u00e1mara del tel\u00e9fono m\u00f3vil + vale valor codificado incluido dentro del paquete que recibir\u00e1s una vez realizado el pago.<\/span><\/p>\n<div style=\"width: 1920px;\" class=\"wp-video\"><video class=\"wp-video-shortcode\" id=\"video-6061-2\" width=\"1920\" height=\"1080\" preload=\"metadata\" controls=\"controls\"><source type=\"video\/mp4\" src=\"https:\/\/jeyzlab.com\/wp-content\/uploads\/2020\/09\/LENTE-MACRO-WEB.mp4?_=2\" \/><a href=\"https:\/\/jeyzlab.com\/wp-content\/uploads\/2020\/09\/LENTE-MACRO-WEB.mp4\">https:\/\/jeyzlab.com\/wp-content\/uploads\/2020\/09\/LENTE-MACRO-WEB.mp4<\/a><\/video><\/div>\n<p><span style=\"color: #000000;\"><strong>Paso 2:<\/strong> Captura con el lente macro fotos tuyas, <strong>observe las im\u00e1genes del ejemplo arriba<\/strong> de las zonas (ojo derecho y ojo izquierdo que se divise completo el iris de cada ojo por separado) (1 foto frontal de la cara, 1 foto de la parte izquierda de la cara\u00a0 y 1 foto de la parte derecha de la cara) Posteriormente, enviar las imagenes en formato jpg o png via email a\u00a0<a style=\"color: #000000;\" href=\"mailto:info@cafeyte.net\">info@cafeyte.net<\/a>, las instrucciones estan inclu\u00eddas dentro del mismo paquete que usted ha adquirido, especificando su numero de c\u00f3digo asignado. (Con este n\u00famero de c\u00f3digo asignado tambien participa en el <strong>GRAN SORTEO\u00a0 !G\u00c1NATE UN VIAJE A COLOMBIA TODO INCLUIDO! que se llevar\u00e1 a cabo el 31 de Octubre de 2024, 8:00 P.M. Hora de Tijuana, B.C., M\u00e9xico.<img decoding=\"async\" loading=\"lazy\" class=\"alignright wp-image-4931 size-medium\" src=\"https:\/\/jeyzlab.com\/wp-content\/uploads\/2024\/02\/celular_3-195x300.jpg\" alt=\"\" width=\"195\" height=\"300\" \/><\/strong><\/span><\/p>\n<p><span style=\"color: #000000;\"><strong>Paso 3:\u00a0<\/strong>Posteriormente, al recibir las fotos se proceden a entregar al profesional encargado del escaner de im\u00e1genes con (Doctor Bod IA) y adicionalmente ser\u00e1n evaluadas por nuestro personal m\u00e9dico especializado en dermatolog\u00eda, y dentro de las siguientes 24 horas en d\u00edas h\u00e1biles se enviar\u00e1 v\u00eda correo electr\u00f3nico un diagn\u00f3stico preventivo del estado de salud en general de su piel.<\/span><\/p>\n<div dir=\"auto\"><\/div>\n<p><span style=\"color: #000000;\">Es fundamental mencionar este diagn\u00f3stico previo, es material de apoyo para ser evaluado por un profesional de la salud de su pa\u00eds, quien est\u00e9 capacitado y autorizado para emitir un diagn\u00f3stico final, y solicitar ex\u00e1menes adicionales en caso de ser necesario, as\u00ed como su respectivo tratamiento.<\/span><\/p>\n<h2 id=\"1661242617467-4\"><span style=\"color: #000000;\">Ventajas de la tecnologia dermatologica Doctor Bod con IA<\/span><\/h2>\n<p><span style=\"color: #000000;\">Doctor Bod IA analiza la piel y se destaca en<strong>\u00a0rapidez<\/strong>\u00a0y\u00a0<strong>precisi\u00f3n<\/strong>\u00a0gracias a la tecnolog\u00eda de Inteligencia Artificial. El algoritmo garantiza la mejor experiencia detectando\u00a0<strong>14 tipos de problemas de la piel<\/strong> en solo minutos.<\/span><\/p>\n<p><span style=\"color: #000000;\">El diagn\u00f3stico Doctor Bod IA ayuda a determinar la edad\u00a0 y el estado de salud en general de tu piel.<\/span><\/p>\n<p><span style=\"color: #000000;\"><strong>Tecnologia 180 grados:\u00a0<\/strong>Nuestra tecnolog\u00eda de an\u00e1lisis de IA puede llevar a cabo la detecci\u00f3n de 3 im\u00e1genes muy sofisticadas para un diagn\u00f3stico de la piel completo haciendo una foto frontal, de la parte izquierda y derecha de la cara. Este m\u00e9todo garantiza una amplia cobertura de las \u00e1reas de la piel para el an\u00e1lisis, incluso las zonas dif\u00edciles como la zona de la barbilla y de las mejillas.<\/span><\/p>\n<h2 id=\"1661242617467-5\"><span style=\"color: #000000;\">\u00bfQu\u00e9 aspectos de la piel examina Doctor Bod del diagn\u00f3stico de piel con IA?<\/span><\/h2>\n<div style=\"width: 1148px;\" class=\"wp-video\"><video class=\"wp-video-shortcode\" id=\"video-6061-3\" width=\"1148\" height=\"646\" autoplay=\"1\" preload=\"metadata\" controls=\"controls\"><source type=\"video\/mp4\" src=\"https:\/\/jeyzlab.com\/wp-content\/uploads\/2024\/02\/video-2.mp4?_=3\" \/><a href=\"https:\/\/jeyzlab.com\/wp-content\/uploads\/2024\/02\/video-2.mp4\">https:\/\/jeyzlab.com\/wp-content\/uploads\/2024\/02\/video-2.mp4<\/a><\/video><\/div>\n<p>&nbsp;<\/p>\n<p><span style=\"color: #000000;\">Ya que cada usuario tiene piel diferente y por ende los rasgos y caracteristicas de la piel necesitan ser tratadas respectivamente, el diagnostico facial de Doctor Bod IA, ofrece <strong>una experiencia de diagn\u00f3stico de la piel inclusiva<\/strong>\u00a0que pretende adquirir\u00a0<strong>un mejor conocimiento para la piel<\/strong>\u00a0de cada usuario sin importar el tipo de piel ni etnia. Los usuarios pueden estar seguros de que<strong>\u00a0recibir\u00e1n una valoraci\u00f3n exhaustiva, rigurosa y personalizada de las condiciones de su piel<\/strong>\u00a0con el prop\u00f3sito de renovar la salud de su piel.<\/span><\/p>\n<p><span style=\"color: #000000;\">El estudio del rostro mediante el analisis facial es sumamente exacto con\u00a0la IA y la visualizaci\u00f3n de la salud de la piel el cual proporciona un an\u00e1lisis de piel instant\u00e1neo que eval\u00faa los\u00a0<strong>par\u00e1metros cut\u00e1neos,<\/strong>\u00a0entre ellos:<\/span><\/p>\n<p><span style=\"color: #000000;\"><strong>Espinillas:<\/strong>\u00a0Puntos negros, concretamente pueden aparecer &#8220;manchas solares&#8221; o &#8220;manchas de envejecimiento&#8221;, como resultado del envejecimiento natural o de una excesiva exposici\u00f3n a la luz solar.\u00a0<strong>En Cafeyte Doctor Bod, utilizamos un modelo de IA (Inteligencia Artificial) altamente capacitado para identificar diferentes niveles de puntos negros, y para descartar eficazmente zonas de puntos no negros como lunares, vello facial y otras falsas lecturas provocadas por las sombras.<\/strong><\/span><\/p>\n<ul>\n<li><span style=\"color: #000000;\"><strong>Arrugas:<\/strong> La tecnolog\u00eda Doctor Bod IA de Cafeyte. identifica diversos tipos de arrugas, desde l\u00edneas finas a pliegues profundos. Y se centra en las zonas faciales donde suelen aparecer las arrugas, como la frente, el contorno de ojos y la parte inferior del rostro.<\/span><\/li>\n<\/ul>\n<ul>\n<li><span style=\"color: #000000;\"><strong>Rojez:<\/strong>\u00a0La rojez de la piel puede tener su origen en una amplia variedad de factores, entre otros, una exposici\u00f3n excesiva al sol, una exfoliaci\u00f3n excesiva, inflamaci\u00f3n y deshidrataci\u00f3n de la piel. Cuando las consumidoras sienten esta sensaci\u00f3n de piel irritada, generalmente esta irritaci\u00f3n es ya visualmente apreciable.\u00a0<strong>Hemos desarrollado la tecnolog\u00eda Doctor Bod\u00a0 IA para la rojez con el fin de detectar s\u00edntomas leves antes de que la afecci\u00f3n empiece a causar irritaci\u00f3n en los usuarios. <\/strong>Esta detecci\u00f3n temprana permite la aplicaci\u00f3n de productos como protector solar o crema hidratante para atenuar la afecci\u00f3n y evitar su empeoramiento.<\/span><\/li>\n<\/ul>\n<ul>\n<li><span style=\"color: #000000;\"><strong>Grasa:<\/strong> Nuestra Tecnolog\u00eda\u00a0 Doctor Bod IA clasifica la grasa de la piel en tres niveles para ayudar a los usuarios a entender las zonas de piel concretas que requieren mayor atenci\u00f3n.<\/span><\/li>\n<\/ul>\n<ul>\n<li><span style=\"color: #000000;\"><strong>Textura:<\/strong> Nuestra Tecnolog\u00eda Doctor Bod IA para la textura detecta protuberancias y hendiduras en la piel de la usuaria, y le proporciona una evaluaci\u00f3n general de la tersura de su piel.<\/span><\/li>\n<\/ul>\n<ul>\n<li><span style=\"color: #000000;\"><strong>Acn\u00e9:<\/strong> Nuestra Tecnolog\u00eda Doctor Bod IA para el acn\u00e9 identifica tres tipos de acn\u00e9: acn\u00e9 inflamatorio, p\u00fastulas y espinillas. Nuestras caracter\u00edsticas superposiciones de realidad aumentada marcan estas zonas problem\u00e1ticas por separado.<\/span><\/li>\n<\/ul>\n<ul>\n<li><span style=\"color: #000000;\"><strong>C\u00edrculos oscuros:<\/strong> Nuestra Tecnolog\u00eda Doctor Bod IA para c\u00edrculos oscuros detecta la zona situada bajo los ojos en busca de s\u00edntomas de c\u00edrculos oscuros. Podemos se\u00f1alar con claridad el tama\u00f1o del c\u00edrculo oscuro y utilizar esta informaci\u00f3n para proporcionar a los usuarios un indicador del alcance de esta afecci\u00f3n.<\/span><\/li>\n<\/ul>\n<ul>\n<li><span style=\"color: #000000;\"><strong>Bolsa de ojos:<\/strong> Utilizamos la misma Tecnolog\u00eda Doctor Bod IA para los c\u00edrculos oscuros dado que tambi\u00e9n distingue las bolsas de ojos. Los resultados son mostrados con superposiciones de realidad aumentada con el fin de delimitar el tama\u00f1o y la hinchaz\u00f3n de cada bolsa de ojos.<\/span><\/li>\n<\/ul>\n<h2 id=\"1661242617467-8\"><span style=\"color: #000000;\">La experiencia de los usuarios con tecnologia dermatologica Doctor Bot IA<\/span><\/h2>\n<p><span style=\"color: #000000;\">A lo largo del desarrollo de la tecnologia de Diagnostico de piel, hemos mantenido un estricto foco de atenci\u00f3n en la experiencia de los usuarios. Esta es la raz\u00f3n por la que se desarrollo Doctor Bod IA, sistema innovador y\u00a0 exclusivo de nuestra tecnolog\u00eda en los clientes. Con el uso del lente macro universal que se adapta a cualquier m\u00f3vil con c\u00e1mara,\u00a0 para obtener las fotos id\u00f3neas para posteriormente poder escanear y lograr ver con precisi\u00f3n <strong>los resultados analizados de todas las afecciones dermatol\u00f3gicas antes mencionadas.<\/strong> Esto significa que nuestra soluci\u00f3n de an\u00e1lisis de piel con el uso de Doctor Bod IA, es la m\u00e1s efectiva y profesional del mercado.<\/span><\/p>\n<p><span style=\"color: #000000;\">El exacto y preciso Doctor Bod IA dermatol\u00f3gico, que puede estar al alcance de todos solo adaptando el lente macro universal en cualquier m\u00f3vil, para tener acceso a toma de imagenes detalladas y precisas para realizar exhaustivo diagn\u00f3stico,<strong>\u00a0acreditado por dermat\u00f3logos y expertos en cosm\u00e9tica.<\/strong><\/span><\/p>\n<div style=\"width: 4072px;\" class=\"wp-video\"><video class=\"wp-video-shortcode\" id=\"video-6061-4\" width=\"4072\" height=\"2036\" autoplay=\"1\" preload=\"metadata\" controls=\"controls\"><source type=\"video\/mp4\" src=\"https:\/\/jeyzlab.com\/wp-content\/uploads\/2024\/02\/Banner-Sorteo-1.mp4?_=4\" \/><a href=\"https:\/\/jeyzlab.com\/wp-content\/uploads\/2024\/02\/Banner-Sorteo-1.mp4\">https:\/\/jeyzlab.com\/wp-content\/uploads\/2024\/02\/Banner-Sorteo-1.mp4<\/a><\/video><\/div>\n<p>&nbsp;<\/p>\n","protected":false},"excerpt":{"rendered":"<p>Adi\u00f3s! Problemas de Piel<\/p>\n<p>&nbsp;<\/p>\n","protected":false},"featured_media":6062,"comment_status":"open","ping_status":"closed","template":"","meta":{"_uag_custom_page_level_css":"","site-sidebar-layout":"default","site-content-layout":"","ast-site-content-layout":"default","site-content-style":"default","site-sidebar-style":"default","ast-global-header-display":"","ast-banner-title-visibility":"","ast-main-header-display":"","ast-hfb-above-header-display":"","ast-hfb-below-header-display":"","ast-hfb-mobile-header-display":"","site-post-title":"","ast-breadcrumbs-content":"","ast-featured-img":"","footer-sml-layout":"","theme-transparent-header-meta":"default","adv-header-id-meta":"","stick-header-meta":"","header-above-stick-meta":"","header-main-stick-meta":"","header-below-stick-meta":"","astra-migrate-meta-layouts":"set"},"product_cat":[56],"product_tag":[],"uagb_featured_image_src":{"full":["https:\/\/cafeyte.net\/wp-content\/uploads\/2024\/03\/40.png",1299,1417,false],"thumbnail":["https:\/\/cafeyte.net\/wp-content\/uploads\/2024\/03\/40-150x150.png",150,150,true],"medium":["https:\/\/cafeyte.net\/wp-content\/uploads\/2024\/03\/40-275x300.png",275,300,true],"medium_large":["https:\/\/cafeyte.net\/wp-content\/uploads\/2024\/03\/40-768x838.png",768,838,true],"large":["https:\/\/cafeyte.net\/wp-content\/uploads\/2024\/03\/40-939x1024.png",939,1024,true],"1536x1536":["https:\/\/cafeyte.net\/wp-content\/uploads\/2024\/03\/40.png",1299,1417,false],"2048x2048":["https:\/\/cafeyte.net\/wp-content\/uploads\/2024\/03\/40.png",1299,1417,false],"mailpoet_newsletter_max":["https:\/\/cafeyte.net\/wp-content\/uploads\/2024\/03\/40.png",1299,1417,false],"woocommerce_thumbnail":["https:\/\/cafeyte.net\/wp-content\/uploads\/2024\/03\/40-300x300.png",300,300,true],"woocommerce_single":["https:\/\/cafeyte.net\/wp-content\/uploads\/2024\/03\/40-600x655.png",600,655,true],"woocommerce_gallery_thumbnail":["https:\/\/cafeyte.net\/wp-content\/uploads\/2024\/03\/40-100x100.png",100,100,true]},"uagb_author_info":{"display_name":"cafeyte.net","author_link":"https:\/\/cafeyte.net\/index.php\/author\/"},"uagb_comment_info":0,"uagb_excerpt":"Adi\u00f3s! Problemas de Piel &nbsp;","_links":{"self":[{"href":"https:\/\/cafeyte.net\/index.php\/wp-json\/wp\/v2\/product\/6061"}],"collection":[{"href":"https:\/\/cafeyte.net\/index.php\/wp-json\/wp\/v2\/product"}],"about":[{"href":"https:\/\/cafeyte.net\/index.php\/wp-json\/wp\/v2\/types\/product"}],"replies":[{"embeddable":true,"href":"https:\/\/cafeyte.net\/index.php\/wp-json\/wp\/v2\/comments?post=6061"}],"wp:featuredmedia":[{"embeddable":true,"href":"https:\/\/cafeyte.net\/index.php\/wp-json\/wp\/v2\/media\/6062"}],"wp:attachment":[{"href":"https:\/\/cafeyte.net\/index.php\/wp-json\/wp\/v2\/media?parent=6061"}],"wp:term":[{"taxonomy":"product_cat","embeddable":true,"href":"https:\/\/cafeyte.net\/index.php\/wp-json\/wp\/v2\/product_cat?post=6061"},{"taxonomy":"product_tag","embeddable":true,"href":"https:\/\/cafeyte.net\/index.php\/wp-json\/wp\/v2\/product_tag?post=6061"}],"curies":[{"name":"wp","href":"https:\/\/api.w.org\/{rel}","templated":true}]}}