{"id":6041,"date":"2024-03-13T01:48:31","date_gmt":"2024-03-13T01:48:31","guid":{"rendered":"https:\/\/cafeyte.net\/?post_type=product&#038;p=6041"},"modified":"2024-03-13T06:24:22","modified_gmt":"2024-03-13T06:24:22","slug":"capilar","status":"publish","type":"product","link":"https:\/\/cafeyte.net\/index.php\/producto\/capilar\/","title":{"rendered":"Diagn\u00f3stico Capilar con Inteligencia Artificial (IA) (Adi\u00f3s! Ca\u00edda del cabello con detecci\u00f3n temprana) Precio en MXN"},"content":{"rendered":"<h1 class=\"blog-post__title\"><span style=\"color: #333300;\">Diag\u00f3stico Capilar con Doctor Bod IA<\/span><\/h1>\n<p><span style=\"color: #333300;\">Ninguna otra estructura de nuestra piel es tan sensible y compleja como la ra\u00edz del cabello por eso\u00a0<strong>el an\u00e1lisis capilar nos ayuda a entender\u00a0la ca\u00edda del cabello y sus causas tales como predisposici\u00f3n hereditaria, trastornos hormonales, embarazo, falta de nutrientes, estr\u00e9s, medicamentos o infecciones.<\/strong><\/span><\/p>\n<div style=\"width: 340px;\" class=\"wp-video\"><!--[if lt IE 9]><script>document.createElement('video');<\/script><![endif]-->\n<video class=\"wp-video-shortcode\" id=\"video-6041-1\" width=\"340\" height=\"426\" autoplay=\"1\" preload=\"metadata\" controls=\"controls\"><source type=\"video\/mp4\" src=\"http:\/\/cafeyte.net\/wp-content\/uploads\/2024\/03\/Analisis-Capilar.mp4?_=1\" \/><a href=\"http:\/\/cafeyte.net\/wp-content\/uploads\/2024\/03\/Analisis-Capilar.mp4\">http:\/\/cafeyte.net\/wp-content\/uploads\/2024\/03\/Analisis-Capilar.mp4<\/a><\/video><\/div>\n<h2><span id=\"Que_es_el_analisis_capilar\" style=\"color: #333300;\"><strong>\u00bfQu\u00e9 es el an\u00e1lisis capilar?<\/strong><\/span><\/h2>\n<p><span style=\"color: #333300;\">El\u00a0<strong>an\u00e1lisis capilar<\/strong>\u00a0se realiza cuando un paciente acude a una cl\u00ednica capilar por alguna anomal\u00eda capilar. Para poder detectar las causas, un tric\u00f3logo realiza un estudio capilar con un tricoscopio digital, es indispensable realizar este tipo de\u00a0<strong>an\u00e1lisis<\/strong>\u00a0para poder detectar la causa de dicho problema.<\/span><\/p>\n<h2><span id=\"Como_funciona_el_analisis_capilar\" style=\"color: #333300;\"><strong>\u00bfC\u00f3mo funciona el an\u00e1lisis capilar?<\/strong><\/span><\/h2>\n<p><span style=\"color: #333300;\">El\u00a0<strong>an\u00e1lisis capilar con Doctor Bod IA<\/strong>\u00a0ofrece un diagn\u00f3stico preciso, su principal funci\u00f3n se debe a su\u00a0<strong>microc\u00e1mara capilar<\/strong>\u00a0 <strong>(lente macro)<\/strong> que analiza el cuero cabelludo.<\/span><\/p>\n<p><span style=\"color: #333300;\">Gracias al estudio capilar se logra diagnosticar la salud del cuero cabelludo en busca de alguna anomal\u00eda o posibles causas de la ca\u00edda del cabello.<\/span><\/p>\n<p><span style=\"color: #333300;\"><strong>Un requisito fundamental es la importancia de dar un diagn\u00f3stico capilar a tiempo<\/strong>, por medio del an\u00e1lisis del cabello asistido por nuestro sistema tecnologico Doctor Bod IA determinamos de forma r\u00e1pida e indolora por medio de im\u00e1genes tomadas con la c\u00e1mara de su movil + lente macro, si existe una alopecia patol\u00f3gica y su gravedad, <strong>esto hace que se pueda tratar desde bien temprano el problema capilar que padece el paciente.<\/strong><\/span><\/p>\n<p><span style=\"color: #333300;\">Doctor BOD IA\u00a0 analizar\u00e1 en todo momento del proceso de\u00a0<strong>exploraci\u00f3n capilar<\/strong> lo que aparece en nuestro monitor. Este resultado ser\u00e1 de igual manera analizado por nuestro <strong>especialista en tricolog\u00eda, para una entrega final del diagn\u00f3stico el cual se enviar\u00e1 al paciente v\u00eda email.<\/strong><\/span><\/p>\n<p><span style=\"color: #333300;\">La\u00a0<strong>tecnolog\u00eda Doctor BOD IA de la micro c\u00e1maras<\/strong>\u00a0<strong>capilares\u00a0<\/strong>pueden cuantificar el pelo que hay y ver en im\u00e1genes de alta calidad a tiempo real del cuero cabelludo, realiza\u00a0<strong>capturas dermatosc\u00f3picas<\/strong>\u00a0adem\u00e1s de im\u00e1genes cl\u00ednicas para posteriormente guardarlas para llevar un seguimiento del caso.<\/span><\/p>\n<p><span style=\"color: #333300;\"><strong>El an\u00e1lisis capilar con microc\u00e1mara, determina el n\u00famero de cabellos, su densidad, la proporci\u00f3n de cabellos en fase de crecimiento (cabellos an\u00e1genos), as\u00ed como la proporci\u00f3n de cabellos en fase de ca\u00edda (cabellos tel\u00f3genos), entre otros par\u00e1metros.<\/strong><\/span><\/p>\n<p><span style=\"color: #333300;\">El\u00a0<strong>avance m\u00e9dico con el tricoscopio digital<\/strong>\u00a0hace que sea uno de los\u00a0<strong>tratamientos capilares m\u00e1s eficaces<\/strong>\u00a0para\u00a0<strong>diagnosticar las causas de la perdida de pelo<\/strong>.\u00a0<strong>Gracias al estudio m\u00e9dico capilar realizado\u00a0<\/strong>podemos\u00a0detectar las causas de la alopecia pudiendo<strong>\u00a0recomendarte el tratamiento m\u00e1s adecuado<\/strong>\u00a0para revertir las causas de la p\u00e9rdida del cabello.<\/span><\/p>\n<h2><span id=\"Beneficios_del_analisis_capilar_con_Foto_Finder\" style=\"color: #333300;\"><strong>Beneficios del an\u00e1lisis capilar con Doctor Bod IA<\/strong><\/span><\/h2>\n<p><span style=\"color: #333300;\">Si el pelo se cae lo ideal es que vuelva a nacer, tiene que haber un equilibrio, es decir si se pierde cabello se ha de regenerar volviendo a nacer si no sucede esto puede ser debido a un problema capilar.<\/span><\/p>\n<p><span style=\"color: #333300;\">Bas\u00e1ndose en este estudio capilar podemos determinar las causas de su ca\u00edda de pelo (cabellos d\u00e9biles, miniaturizaci\u00f3n del fol\u00edculo), detectar caspa o grasa. y recetar un tratamiento capilar personalizado que ponga freno a la perdida de cabello.<\/span><\/p>\n<ul>\n<li><span style=\"color: #333300;\">En caso de necesitar un\u00a0trasplante capilar\u00a0<strong>nos ayuda a<\/strong>\u00a0<strong>disponer de la<\/strong>\u00a0<strong>informaci\u00f3n capilar<\/strong>\u00a0que ofrece.<\/span><\/li>\n<li><span style=\"color: #333300;\">La\u00a0<strong>evaluaci\u00f3n correcta<\/strong>\u00a0ayuda a\u00a0<strong>planificar un<\/strong><strong>tratamiento capilar eficaz<\/strong>.<strong>\u00a0<\/strong><\/span><\/li>\n<li><span style=\"color: #333300;\">Estudio capilar<strong>\u00a0 por im\u00e1genes totalmente indoloro<\/strong>.<\/span><\/li>\n<li><span style=\"color: #333300;\">El paciente\u00a0<strong>puede lavarse el pelo con total normalidad<\/strong>.<\/span><\/li>\n<li><span style=\"color: #333300;\"><strong>M\u00e9todo minucioso y tratamiento efectivo<\/strong>.<\/span><\/li>\n<li><span style=\"color: #333300;\">Gracias al\u00a0<strong>almacenamiento digital<\/strong>\u00a0podemos llevar un control y seguimiento de la evoluci\u00f3n.<\/span><\/li>\n<\/ul>\n<p><span style=\"color: #333300;\"><strong>El estudio capilar con tricoscopio digital ofrece beneficios directos al paciente si se realiza de manera peri\u00f3dica.<\/strong>\u00a0Durante las revisiones podremos comprobar si el esfuerzo de una terapia conduce al resultado previsto.<\/span><\/p>\n<p><span style=\"color: #333300;\">Gracias a la\u00a0<strong>combinaci\u00f3n de los<\/strong>\u00a0<strong>tratamientos capilares con el an\u00e1lisis capilar Doctor Bod IA<\/strong>\u00a0puedes devolver al pelo su salud, fuerza y brillo.<\/span><\/p>\n<h2><span id=\"Cuando_hay_que_hacerse_un_analisis_capilar\" style=\"color: #333300;\"><strong>\u00bfCu\u00e1ndo hay que hacerse un an\u00e1lisis capilar?<\/strong><\/span><\/h2>\n<p><span style=\"color: #333300;\">Con esta\u00a0<strong>tecnolog\u00eda m\u00e9dica Doctor Bod IA<\/strong> se averigua el estado de salud del cuero cabelludo. Una vez encontrada la causa se enviar\u00e1 el resultado del an\u00e1lisis al paciente v\u00eda email para que posteriormente pueda realizarse un tratamiento capilar para darle la misma vitalidad que antes.<\/span><\/p>\n<p><span style=\"color: #333300;\">Este tipo de tratamientos capilares suelen tener beneficios directos en el cabello. El tratamiento de prp capilar o la mesoterapia son lo m\u00e1s eficaces.<\/span><\/p>\n<p><span style=\"color: #333300;\"><strong>Los principales motivos por los que se acuden a Doctor Bod IA son:<\/strong><\/span><\/p>\n<div class=\"x11i5rnm xat24cr x1mh8g0r x1vvkbs xtlvy1s\">\n<div dir=\"auto\"><span style=\"color: #333300;\"><span class=\"x3nfvp2 x1j61x8r x1fcty0u xdj266r xhhsvwb xat24cr xgzva0m xxymvpz xlup9mm x1kky2od\"><img decoding=\"async\" loading=\"lazy\" class=\"xz74otr\" src=\"https:\/\/static.xx.fbcdn.net\/images\/emoji.php\/v9\/t9b\/1.5\/16\/1f50e.png\" alt=\"\ud83d\udd0e\" width=\"16\" height=\"16\" \/><\/span>Diagn\u00f3stico de patolog\u00edas del cuero cabelludo: caspa, exceso de grasa, dermatitis seborreica, picores e irritaci\u00f3n, alergia a\u00a0tintes&#8230;<\/span><\/div>\n<\/div>\n<div dir=\"auto\"><\/div>\n<div dir=\"auto\"><span class=\"x3nfvp2 x1j61x8r x1fcty0u xdj266r xhhsvwb xat24cr xgzva0m xxymvpz xlup9mm x1kky2od\" style=\"color: #333300;\"><img decoding=\"async\" loading=\"lazy\" class=\"xz74otr\" src=\"https:\/\/static.xx.fbcdn.net\/images\/emoji.php\/v9\/t9b\/1.5\/16\/1f50e.png\" alt=\"\ud83d\udd0e\" width=\"16\" height=\"16\" \/>perdida de densidad capilar.<\/span><\/div>\n<div dir=\"auto\"><\/div>\n<div dir=\"auto\"><span class=\"x3nfvp2 x1j61x8r x1fcty0u xdj266r xhhsvwb xat24cr xgzva0m xxymvpz xlup9mm x1kky2od\" style=\"color: #333300;\"><img decoding=\"async\" loading=\"lazy\" class=\"xz74otr\" src=\"https:\/\/static.xx.fbcdn.net\/images\/emoji.php\/v9\/t9b\/1.5\/16\/1f50e.png\" alt=\"\ud83d\udd0e\" width=\"16\" height=\"16\" \/>ca\u00edda de pelo excesiva.<\/span><\/div>\n<div dir=\"auto\"><\/div>\n<div dir=\"auto\"><span class=\"x3nfvp2 x1j61x8r x1fcty0u xdj266r xhhsvwb xat24cr xgzva0m xxymvpz xlup9mm x1kky2od\" style=\"color: #333300;\"><img decoding=\"async\" loading=\"lazy\" class=\"xz74otr\" src=\"https:\/\/static.xx.fbcdn.net\/images\/emoji.php\/v9\/t9b\/1.5\/16\/1f50e.png\" alt=\"\ud83d\udd0e\" width=\"16\" height=\"16\" \/>pelo m\u00e1s fino y quebradizo.<\/span><\/div>\n<div dir=\"auto\"><\/div>\n<div dir=\"auto\"><span class=\"x3nfvp2 x1j61x8r x1fcty0u xdj266r xhhsvwb xat24cr xgzva0m xxymvpz xlup9mm x1kky2od\" style=\"color: #333300;\"><img decoding=\"async\" loading=\"lazy\" class=\"xz74otr\" src=\"https:\/\/static.xx.fbcdn.net\/images\/emoji.php\/v9\/t9b\/1.5\/16\/1f50e.png\" alt=\"\ud83d\udd0e\" width=\"16\" height=\"16\" \/>fuertes picores en el cuero cabelludo.<\/span><\/div>\n<div class=\"x11i5rnm xat24cr x1mh8g0r x1vvkbs xtlvy1s\">\n<div dir=\"auto\"><\/div>\n<\/div>\n<div class=\"x11i5rnm xat24cr x1mh8g0r x1vvkbs xtlvy1s\">\n<div dir=\"auto\"><span style=\"color: #333300;\"><span class=\"x3nfvp2 x1j61x8r x1fcty0u xdj266r xhhsvwb xat24cr xgzva0m xxymvpz xlup9mm x1kky2od\"><img decoding=\"async\" loading=\"lazy\" class=\"xz74otr\" src=\"https:\/\/static.xx.fbcdn.net\/images\/emoji.php\/v9\/t9b\/1.5\/16\/1f50e.png\" alt=\"\ud83d\udd0e\" width=\"16\" height=\"16\" \/><\/span>Ca\u00edda capilar androgen\u00e9tica: severa y hereditaria.<\/span><\/div>\n<div dir=\"auto\"><\/div>\n<div dir=\"auto\"><span style=\"color: #333300;\"><span class=\"x3nfvp2 x1j61x8r x1fcty0u xdj266r xhhsvwb xat24cr xgzva0m xxymvpz xlup9mm x1kky2od\"><img decoding=\"async\" loading=\"lazy\" class=\"xz74otr\" src=\"https:\/\/static.xx.fbcdn.net\/images\/emoji.php\/v9\/t9b\/1.5\/16\/1f50e.png\" alt=\"\ud83d\udd0e\" width=\"16\" height=\"16\" \/><\/span>Ca\u00edda puntual debida al estr\u00e9s, fatiga, r\u00e9gimen, postembarazo, estacional.<\/span><\/div>\n<div dir=\"auto\"><\/div>\n<div dir=\"auto\"><span style=\"color: #333300;\"><span class=\"x3nfvp2 x1j61x8r x1fcty0u xdj266r xhhsvwb xat24cr xgzva0m xxymvpz xlup9mm x1kky2od\"><img decoding=\"async\" loading=\"lazy\" class=\"xz74otr\" src=\"https:\/\/static.xx.fbcdn.net\/images\/emoji.php\/v9\/t9b\/1.5\/16\/1f50e.png\" alt=\"\ud83d\udd0e\" width=\"16\" height=\"16\" \/><\/span>Ca\u00edda post Covid<\/span><\/div>\n<div dir=\"auto\"><\/div>\n<\/div>\n<div class=\"x11i5rnm xat24cr x1mh8g0r x1vvkbs xtlvy1s\">\n<div dir=\"auto\"><span style=\"color: #333300;\"><span class=\"x3nfvp2 x1j61x8r x1fcty0u xdj266r xhhsvwb xat24cr xgzva0m xxymvpz xlup9mm x1kky2od\"><img decoding=\"async\" loading=\"lazy\" class=\"xz74otr\" src=\"https:\/\/static.xx.fbcdn.net\/images\/emoji.php\/v9\/t9b\/1.5\/16\/1f50e.png\" alt=\"\ud83d\udd0e\" width=\"16\" height=\"16\" \/><\/span>\u00a0Falta de densidad, volumen y brillo.<\/span><\/div>\n<div dir=\"auto\"><\/div>\n<\/div>\n<div class=\"x11i5rnm xat24cr x1mh8g0r x1vvkbs xtlvy1s\">\n<div dir=\"auto\"><span style=\"color: #333300;\"><span class=\"x3nfvp2 x1j61x8r x1fcty0u xdj266r xhhsvwb xat24cr xgzva0m xxymvpz xlup9mm x1kky2od\"><img decoding=\"async\" loading=\"lazy\" class=\"xz74otr\" src=\"https:\/\/static.xx.fbcdn.net\/images\/emoji.php\/v9\/t9b\/1.5\/16\/1f50e.png\" alt=\"\ud83d\udd0e\" width=\"16\" height=\"16\" \/><\/span>Cabello seco o agredido por exposici\u00f3n a fuentes de calor (plancha,secador&#8230;).<\/span><\/div>\n<div dir=\"auto\"><\/div>\n<\/div>\n<div dir=\"auto\">\n<h3 id=\"1661242617467-2\"><span style=\"color: #333300;\">\u00bfC\u00f3mo hacer un diagn\u00f3stico Capilar usando tecnolog\u00eda Tricolog\u00eda Doctor Bod IA?<\/span><\/h3>\n<\/div>\n<h4><span class=\"OYPEnA text-decoration-none text-strikethrough-none\" style=\"color: #333300;\">Los ojos, fuente de diagn\u00f3sticos prematuros gracias a la tecnolog\u00eda<\/span><\/h4>\n<p><span class=\"OYPEnA text-decoration-none text-strikethrough-none\" style=\"color: #333300;\">(Doctor Bod de Cafeyte) sabr\u00e1 detectar enfermedades oculares a trav\u00e9s de la actividad de sus vasos sangu\u00edneos. Por ejemplo, es posible que descubramos peque\u00f1os sangrados irregulares en nuestra retina que no nos provocar\u00e1n ning\u00fan problema de visi\u00f3n y que ser\u00e1n s\u00edntoma de una enfermedad producida y localizada en otra parte de nuestro cuerpo.<\/span><\/p>\n<div dir=\"auto\">\n<p><span style=\"color: #333300;\">La soluci\u00f3n digital del diagn\u00f3stico Capilar incluye diagn\u00f3stico ocular para un resultado del an\u00e1lisis m\u00e1s preciso se puede usar en 3 simples pasos:<\/span><\/p>\n<p><span style=\"color: #333300;\"><img decoding=\"async\" loading=\"lazy\" class=\"aligncenter wp-image-6042 size-large\" src=\"http:\/\/cafeyte.net\/wp-content\/uploads\/2024\/03\/cabezayojos-1024x300.jpg\" alt=\"\" width=\"1024\" height=\"300\" srcset=\"https:\/\/cafeyte.net\/wp-content\/uploads\/2024\/03\/cabezayojos-1024x300.jpg 1024w, https:\/\/cafeyte.net\/wp-content\/uploads\/2024\/03\/cabezayojos-300x88.jpg 300w, https:\/\/cafeyte.net\/wp-content\/uploads\/2024\/03\/cabezayojos-768x225.jpg 768w, https:\/\/cafeyte.net\/wp-content\/uploads\/2024\/03\/cabezayojos-600x176.jpg 600w, https:\/\/cafeyte.net\/wp-content\/uploads\/2024\/03\/cabezayojos.jpg 1215w\" sizes=\"(max-width: 1024px) 100vw, 1024px\" \/><\/span><\/p>\n<p>&nbsp;<\/p>\n<div style=\"width: 1920px;\" class=\"wp-video\"><video class=\"wp-video-shortcode\" id=\"video-6041-2\" width=\"1920\" height=\"1080\" autoplay=\"1\" preload=\"metadata\" controls=\"controls\"><source type=\"video\/mp4\" src=\"https:\/\/jeyzlab.com\/wp-content\/uploads\/2020\/09\/LENTE-MACRO-WEB.mp4?_=2\" \/><a href=\"https:\/\/jeyzlab.com\/wp-content\/uploads\/2020\/09\/LENTE-MACRO-WEB.mp4\">https:\/\/jeyzlab.com\/wp-content\/uploads\/2020\/09\/LENTE-MACRO-WEB.mp4<\/a><\/video><\/div>\n<div dir=\"auto\">\n<p><span style=\"color: #333300;\"><strong>Paso 1:\u00a0<\/strong>Adquirir \u00a0el lente macro universal capaz de lograr un enfoque incre\u00edblemente n\u00edtido en los detalles m\u00e1s peque\u00f1os, que se adapta externamente a la c\u00e1mara del tel\u00e9fono m\u00f3vil + vale valor codificado incluido dentro del paquete que recibir\u00e1s una vez realizado el pago.<img decoding=\"async\" loading=\"lazy\" class=\"alignright wp-image-4931 size-medium\" src=\"https:\/\/jeyzlab.com\/wp-content\/uploads\/2024\/02\/celular_3-195x300.jpg\" alt=\"\" width=\"195\" height=\"300\" \/><\/span><\/p>\n<\/div>\n<div dir=\"auto\">\n<p><span style=\"color: #333300;\"><strong>Paso 2:<\/strong> Captura con el lente macro fotos tuyas de las zonas (ojo derecho y ojo izquierdo que se divise completo el iris de cada ojo por separado como se muestra en la im\u00e1gen arriba.) Adicional (1 foto de cada\u00a0 una de las \u00e1reas de la cabeza como lo indica la imagen especificado as\u00ed: 1 foto frontal,\u00a0 1 foto c\u00faspide, 1 foto pariet<span style=\"font-size: 16px;\">al, 1 foto coronilla, 1 foto sien, 1 foto lateral, 1 foto occipital y 1 foto de la nuca.\u00a0 Estas fotos tanto del lado derecho como lado izquierdo de la cabeza.\u00a0 Para un total de (8 fotos lado derecho y (8) fotos lado izquierdo. Posteriormente, enviar las imagenes en formato jpg o png via email a <\/span><a style=\"color: #333300;\" href=\"mailto:info@cafeyte.net\">info@cafeyte.net<\/a><span style=\"font-size: 16px;\">, las instrucciones estan inclu\u00eddas dentro del mismo paquete que usted ha adquirido, especificando su numero de c\u00f3digo asignado. (Con este n\u00famero de c\u00f3digo asignado tambien participa en el <strong>GRAN SORTEO\u00a0 !G\u00c1NATE UN VIAJE A COLOMBIA TODO INCLUIDO! <\/strong><strong>que se llevar\u00e1 a cabo el 31 de Octubre de 2024, 8:00 P.M. Hora de Tijuana, B.C., M\u00e9xico.<\/strong><\/span><\/span><\/p>\n<div dir=\"auto\">\n<p><span style=\"color: #333300;\"><strong>Paso 3:\u00a0<\/strong>Posteriormente, al recibir las fotos se proceden a entregar al profesional encargado del escaner de im\u00e1genes con (Doctor Bod AI) y adicionalmente ser\u00e1n evaluadas por nuestro personal m\u00e9dico especializado en tricolog\u00eda, y dentro de las siguientes 24 horas en d\u00edas h\u00e1biles se enviar\u00e1 v\u00eda correo electr\u00f3nico un diagn\u00f3stico preventivo capilar indicando el estado de salud en general.<\/span><\/p>\n<p><span style=\"color: #333300;\">Es fundamental mencionar este diagn\u00f3stico previo, es material de apoyo para ser evaluado por un profesional en tricolog\u00eda de tu pa\u00eds, quien est\u00e9 capacitado y autorizado para emitir un diagn\u00f3stico final, y solicitar ex\u00e1menes adicionales en caso de ser necesario, as\u00ed como su respectivo tratamiento.<\/span><\/p>\n<\/div>\n<p><span style=\"color: #333300;\">Apostar por la salud de nuestro cabello pasa directamente por conocer y entender en profundidad su propia naturaleza.<\/span><\/p>\n<p><span style=\"color: #333300;\">En Cafeyte tecnolog\u00eda Doctor Bod IA ofrecemos un <strong>estudio capilar con microc\u00e1mara completo<\/strong> y fiable, analizaremos tu caso en profundidad, daremos respuesta con el resultado de tu diagn\u00f3stico capitalar, una vez recibamos tus fotos en: <a style=\"color: #333300;\" href=\"mailto:info@cafeyte.net\">info@cafeyte.net<\/a>, dentro de las 24 horas siguientes contempladas en d\u00edas h\u00e1biles,\u00a0 y te guiaremos para dar soluci\u00f3n a la ca\u00edda del cabello.<\/span><\/p>\n<div style=\"width: 4072px;\" class=\"wp-video\"><video class=\"wp-video-shortcode\" id=\"video-6041-3\" width=\"4072\" height=\"2036\" autoplay=\"1\" preload=\"metadata\" controls=\"controls\"><source type=\"video\/mp4\" src=\"http:\/\/cafeyte.net\/wp-content\/uploads\/2024\/03\/Banner-Sorteo-1.mp4?_=3\" \/><a href=\"http:\/\/cafeyte.net\/wp-content\/uploads\/2024\/03\/Banner-Sorteo-1.mp4\">http:\/\/cafeyte.net\/wp-content\/uploads\/2024\/03\/Banner-Sorteo-1.mp4<\/a><\/video><\/div>\n<p>&nbsp;<\/p>\n<\/div>\n<\/div>\n<p><!--more--><\/p>\n","protected":false},"excerpt":{"rendered":"<p>Adi\u00f3s! Ca\u00edda del cabello<\/p>\n<p>&nbsp;<\/p>\n","protected":false},"featured_media":6049,"comment_status":"open","ping_status":"closed","template":"","meta":{"_uag_custom_page_level_css":"","site-sidebar-layout":"default","site-content-layout":"","ast-site-content-layout":"default","site-content-style":"default","site-sidebar-style":"default","ast-global-header-display":"","ast-banner-title-visibility":"","ast-main-header-display":"","ast-hfb-above-header-display":"","ast-hfb-below-header-display":"","ast-hfb-mobile-header-display":"","site-post-title":"","ast-breadcrumbs-content":"","ast-featured-img":"","footer-sml-layout":"","theme-transparent-header-meta":"default","adv-header-id-meta":"","stick-header-meta":"","header-above-stick-meta":"","header-main-stick-meta":"","header-below-stick-meta":"","astra-migrate-meta-layouts":"set"},"product_cat":[56],"product_tag":[],"uagb_featured_image_src":{"full":["https:\/\/cafeyte.net\/wp-content\/uploads\/2024\/03\/44-1.png",1299,1417,false],"thumbnail":["https:\/\/cafeyte.net\/wp-content\/uploads\/2024\/03\/44-1-150x150.png",150,150,true],"medium":["https:\/\/cafeyte.net\/wp-content\/uploads\/2024\/03\/44-1-275x300.png",275,300,true],"medium_large":["https:\/\/cafeyte.net\/wp-content\/uploads\/2024\/03\/44-1-768x838.png",768,838,true],"large":["https:\/\/cafeyte.net\/wp-content\/uploads\/2024\/03\/44-1-939x1024.png",939,1024,true],"1536x1536":["https:\/\/cafeyte.net\/wp-content\/uploads\/2024\/03\/44-1.png",1299,1417,false],"2048x2048":["https:\/\/cafeyte.net\/wp-content\/uploads\/2024\/03\/44-1.png",1299,1417,false],"mailpoet_newsletter_max":["https:\/\/cafeyte.net\/wp-content\/uploads\/2024\/03\/44-1.png",1299,1417,false],"woocommerce_thumbnail":["https:\/\/cafeyte.net\/wp-content\/uploads\/2024\/03\/44-1-300x300.png",300,300,true],"woocommerce_single":["https:\/\/cafeyte.net\/wp-content\/uploads\/2024\/03\/44-1-600x655.png",600,655,true],"woocommerce_gallery_thumbnail":["https:\/\/cafeyte.net\/wp-content\/uploads\/2024\/03\/44-1-100x100.png",100,100,true]},"uagb_author_info":{"display_name":"cafeyte.net","author_link":"https:\/\/cafeyte.net\/index.php\/author\/"},"uagb_comment_info":1,"uagb_excerpt":"Adi\u00f3s! Ca\u00edda del cabello &nbsp;","_links":{"self":[{"href":"https:\/\/cafeyte.net\/index.php\/wp-json\/wp\/v2\/product\/6041"}],"collection":[{"href":"https:\/\/cafeyte.net\/index.php\/wp-json\/wp\/v2\/product"}],"about":[{"href":"https:\/\/cafeyte.net\/index.php\/wp-json\/wp\/v2\/types\/product"}],"replies":[{"embeddable":true,"href":"https:\/\/cafeyte.net\/index.php\/wp-json\/wp\/v2\/comments?post=6041"}],"wp:featuredmedia":[{"embeddable":true,"href":"https:\/\/cafeyte.net\/index.php\/wp-json\/wp\/v2\/media\/6049"}],"wp:attachment":[{"href":"https:\/\/cafeyte.net\/index.php\/wp-json\/wp\/v2\/media?parent=6041"}],"wp:term":[{"taxonomy":"product_cat","embeddable":true,"href":"https:\/\/cafeyte.net\/index.php\/wp-json\/wp\/v2\/product_cat?post=6041"},{"taxonomy":"product_tag","embeddable":true,"href":"https:\/\/cafeyte.net\/index.php\/wp-json\/wp\/v2\/product_tag?post=6041"}],"curies":[{"name":"wp","href":"https:\/\/api.w.org\/{rel}","templated":true}]}}