{"id":4684,"date":"2023-10-17T03:15:47","date_gmt":"2023-10-17T03:15:47","guid":{"rendered":"https:\/\/cafeyte.net\/?post_type=product&#038;p=4684"},"modified":"2024-03-28T22:44:27","modified_gmt":"2024-03-28T22:44:27","slug":"20bags","status":"publish","type":"product","link":"https:\/\/cafeyte.net\/index.php\/producto\/20bags\/","title":{"rendered":"Caf\u00e9 Molido y Tostado a la le\u00f1a empacado en 25 bolsitas filtrantes tipo t\u00e9"},"content":{"rendered":"<p>Cafeyte, es una nueva propuesta enfocada a la comercializaci\u00f3n de caf\u00e9 100% Colombiano tostado y molido, empacado en una presentaci\u00f3n moderna y pr\u00e1ctica llamada FILS (bolsas filtrantes individuales de caf\u00e9). Esta presentaci\u00f3n facilita el consumo conservando la tradici\u00f3n y cultura del caf\u00e9, adapt\u00e1ndola al cambio de costumbres de la sociedad actual, ofreciendo un producto de alta calidad e innovando la forma de su preparaci\u00f3n para hacerle mas c\u00f3moda, amable y f\u00e1cil la vida al consumidor.<\/p>\n<p>&nbsp;<\/p>\n<p>&nbsp;<\/p>\n<p>&nbsp;<\/p>\n","protected":false},"excerpt":{"rendered":"<p>Cafeyte, es una nueva propuesta enfocada a la comercializaci\u00f3n de caf\u00e9 100% Colombiano tostado y molido, empacado en una presentaci\u00f3n moderna y pr\u00e1ctica llamada FILS (bolsas filtrantes individuales de caf\u00e9). Esta presentaci\u00f3n facilita el consumo conservando la tradici\u00f3n y cultura del caf\u00e9, adapt\u00e1ndola al cambio de costumbres de la sociedad actual, ofreciendo un producto de &hellip;<\/p>\n<p class=\"read-more\"> <a class=\"\" href=\"https:\/\/cafeyte.net\/index.php\/producto\/20bags\/\"> <span class=\"screen-reader-text\">Caf\u00e9 Molido y Tostado a la le\u00f1a empacado en 25 bolsitas filtrantes tipo t\u00e9<\/span> Leer m\u00e1s &raquo;<\/a><\/p>\n","protected":false},"featured_media":6034,"comment_status":"open","ping_status":"closed","template":"","meta":{"_uag_custom_page_level_css":"","site-sidebar-layout":"default","site-content-layout":"","ast-site-content-layout":"default","site-content-style":"default","site-sidebar-style":"default","ast-global-header-display":"","ast-banner-title-visibility":"","ast-main-header-display":"","ast-hfb-above-header-display":"","ast-hfb-below-header-display":"","ast-hfb-mobile-header-display":"","site-post-title":"","ast-breadcrumbs-content":"","ast-featured-img":"","footer-sml-layout":"","theme-transparent-header-meta":"default","adv-header-id-meta":"","stick-header-meta":"","header-above-stick-meta":"","header-main-stick-meta":"","header-below-stick-meta":"","astra-migrate-meta-layouts":"set"},"product_cat":[63],"product_tag":[],"uagb_featured_image_src":{"full":["https:\/\/cafeyte.net\/wp-content\/uploads\/2023\/10\/cara1-remove.png",810,1080,false],"thumbnail":["https:\/\/cafeyte.net\/wp-content\/uploads\/2023\/10\/cara1-remove-150x150.png",150,150,true],"medium":["https:\/\/cafeyte.net\/wp-content\/uploads\/2023\/10\/cara1-remove-225x300.png",225,300,true],"medium_large":["https:\/\/cafeyte.net\/wp-content\/uploads\/2023\/10\/cara1-remove-768x1024.png",768,1024,true],"large":["https:\/\/cafeyte.net\/wp-content\/uploads\/2023\/10\/cara1-remove-768x1024.png",768,1024,true],"1536x1536":["https:\/\/cafeyte.net\/wp-content\/uploads\/2023\/10\/cara1-remove.png",810,1080,false],"2048x2048":["https:\/\/cafeyte.net\/wp-content\/uploads\/2023\/10\/cara1-remove.png",810,1080,false],"mailpoet_newsletter_max":["https:\/\/cafeyte.net\/wp-content\/uploads\/2023\/10\/cara1-remove.png",810,1080,false],"woocommerce_thumbnail":["https:\/\/cafeyte.net\/wp-content\/uploads\/2023\/10\/cara1-remove-300x300.png",300,300,true],"woocommerce_single":["https:\/\/cafeyte.net\/wp-content\/uploads\/2023\/10\/cara1-remove-600x800.png",600,800,true],"woocommerce_gallery_thumbnail":["https:\/\/cafeyte.net\/wp-content\/uploads\/2023\/10\/cara1-remove-100x100.png",100,100,true]},"uagb_author_info":{"display_name":"cafeyte.net","author_link":"https:\/\/cafeyte.net\/index.php\/author\/"},"uagb_comment_info":27,"uagb_excerpt":"Cafeyte, es una nueva propuesta enfocada a la comercializaci\u00f3n de caf\u00e9 100% Colombiano tostado y molido, empacado en una presentaci\u00f3n moderna y pr\u00e1ctica llamada FILS (bolsas filtrantes individuales de caf\u00e9). Esta presentaci\u00f3n facilita el consumo conservando la tradici\u00f3n y cultura del caf\u00e9, adapt\u00e1ndola al cambio de costumbres de la sociedad actual, ofreciendo un producto de&hellip;","_links":{"self":[{"href":"https:\/\/cafeyte.net\/index.php\/wp-json\/wp\/v2\/product\/4684"}],"collection":[{"href":"https:\/\/cafeyte.net\/index.php\/wp-json\/wp\/v2\/product"}],"about":[{"href":"https:\/\/cafeyte.net\/index.php\/wp-json\/wp\/v2\/types\/product"}],"replies":[{"embeddable":true,"href":"https:\/\/cafeyte.net\/index.php\/wp-json\/wp\/v2\/comments?post=4684"}],"wp:featuredmedia":[{"embeddable":true,"href":"https:\/\/cafeyte.net\/index.php\/wp-json\/wp\/v2\/media\/6034"}],"wp:attachment":[{"href":"https:\/\/cafeyte.net\/index.php\/wp-json\/wp\/v2\/media?parent=4684"}],"wp:term":[{"taxonomy":"product_cat","embeddable":true,"href":"https:\/\/cafeyte.net\/index.php\/wp-json\/wp\/v2\/product_cat?post=4684"},{"taxonomy":"product_tag","embeddable":true,"href":"https:\/\/cafeyte.net\/index.php\/wp-json\/wp\/v2\/product_tag?post=4684"}],"curies":[{"name":"wp","href":"https:\/\/api.w.org\/{rel}","templated":true}]}}