{"id":5528,"date":"2024-01-09T00:33:27","date_gmt":"2024-01-09T00:33:27","guid":{"rendered":"https:\/\/cafeyte.net\/?page_id=5528"},"modified":"2024-01-23T06:58:48","modified_gmt":"2024-01-23T06:58:48","slug":"contacto","status":"publish","type":"page","link":"https:\/\/cafeyte.net\/index.php\/contacto\/","title":{"rendered":"Contacto"},"content":{"rendered":"\n<div class=\"wp-block-cover alignfull\" style=\"min-height:760px\"><span aria-hidden=\"true\" class=\"wp-block-cover__background has-background-dim\"><\/span><img decoding=\"async\" loading=\"lazy\" width=\"2560\" height=\"1707\" class=\"wp-block-cover__image-background wp-image-5446\" alt=\"\" src=\"https:\/\/cafeyte.net\/wp-content\/uploads\/2024\/01\/backround1-2-scaled.webp\" data-object-fit=\"cover\" srcset=\"https:\/\/cafeyte.net\/wp-content\/uploads\/2024\/01\/backround1-2-scaled.webp 2560w, https:\/\/cafeyte.net\/wp-content\/uploads\/2024\/01\/backround1-2-300x200.webp 300w, https:\/\/cafeyte.net\/wp-content\/uploads\/2024\/01\/backround1-2-1024x683.webp 1024w, https:\/\/cafeyte.net\/wp-content\/uploads\/2024\/01\/backround1-2-768x512.webp 768w, https:\/\/cafeyte.net\/wp-content\/uploads\/2024\/01\/backround1-2-1536x1024.webp 1536w, https:\/\/cafeyte.net\/wp-content\/uploads\/2024\/01\/backround1-2-2048x1365.webp 2048w, https:\/\/cafeyte.net\/wp-content\/uploads\/2024\/01\/backround1-2-1320x880.webp 1320w, https:\/\/cafeyte.net\/wp-content\/uploads\/2024\/01\/backround1-2-600x400.webp 600w\" sizes=\"(max-width: 2560px) 100vw, 2560px\" \/><div class=\"wp-block-cover__inner-container is-layout-constrained wp-block-cover-is-layout-constrained\">\n<div class=\"wp-block-uagb-container uagb-block-d741aa07 alignfull uagb-is-root-container\"><div class=\"uagb-container-inner-blocks-wrap\">\n<div class=\"wp-block-columns is-layout-flex wp-container-3 wp-block-columns-is-layout-flex\">\n<div class=\"wp-block-column is-layout-flow wp-block-column-is-layout-flow\">\n<div class=\"wp-block-uagb-image uagb-block-5339adc6 wp-block-uagb-image--layout-default wp-block-uagb-image--effect-static wp-block-uagb-image--align-none\"><figure class=\"wp-block-uagb-image__figure\"><img decoding=\"async\" srcset=\"https:\/\/cafeyte.net\/wp-content\/uploads\/2024\/01\/contacto7-2-4.png ,https:\/\/cafeyte.net\/wp-content\/uploads\/2024\/01\/contacto7-2-4.png 780w, https:\/\/cafeyte.net\/wp-content\/uploads\/2024\/01\/contacto7-2-4.png 360w\" sizes=\"(max-width: 480px) 150px\" src=\"https:\/\/cafeyte.net\/wp-content\/uploads\/2024\/01\/contacto7-2-4.png\" alt=\"\" class=\"uag-image-5892\" width=\"560\" height=\"478\" title=\"\" loading=\"lazy\"\/><\/figure><\/div>\n\n\n\n<div class=\"wp-block-media-text is-stacked-on-mobile\" style=\"grid-template-columns:15% auto\"><figure class=\"wp-block-media-text__media\"><img decoding=\"async\" loading=\"lazy\" width=\"280\" height=\"180\" src=\"http:\/\/cafeyte.net\/wp-content\/uploads\/2024\/01\/grano_de_cafe-removebg-preview-9.png\" alt=\"\" class=\"wp-image-5901 size-full\"\/><\/figure><div class=\"wp-block-media-text__content\">\n<p>Calle Pte. L\u00e1zaro C\u00e1rdenas #15, C.P. 21400                    Tecate, B.C. M\u00e9xico.<\/p>\n<\/div><\/div>\n\n\n\n<div class=\"wp-block-media-text is-stacked-on-mobile\" style=\"grid-template-columns:15% auto\"><figure class=\"wp-block-media-text__media\"><img decoding=\"async\" loading=\"lazy\" width=\"280\" height=\"180\" src=\"http:\/\/cafeyte.net\/wp-content\/uploads\/2024\/01\/grano_de_cafe-removebg-preview-9.png\" alt=\"\" class=\"wp-image-5901 size-full\"\/><\/figure><div class=\"wp-block-media-text__content\">\n<p>+52 (665) 131- 9733<\/p>\n<\/div><\/div>\n\n\n\n<div class=\"wp-block-media-text is-stacked-on-mobile\" style=\"grid-template-columns:15% auto\"><figure class=\"wp-block-media-text__media\"><img decoding=\"async\" loading=\"lazy\" width=\"280\" height=\"180\" src=\"http:\/\/cafeyte.net\/wp-content\/uploads\/2024\/01\/grano_de_cafe-removebg-preview-9.png\" alt=\"\" class=\"wp-image-5901 size-full\"\/><\/figure><div class=\"wp-block-media-text__content\">\n<p><a href=\"mailto:info@cafeyte.net\">info@cafeyte.net<\/a><\/p>\n<\/div><\/div>\n<\/div>\n\n\n\n<div class=\"wp-block-column is-layout-flow wp-block-column-is-layout-flow\">\n<p><\/p>\n\n\n\n<div class=\"wp-block-uagb-advanced-heading uagb-block-3d1b1f77\"><h2 class=\"uagb-heading-text\"><mark style=\"background-color:rgba(0, 0, 0, 0)\" class=\"has-inline-color has-ast-global-color-0-color\">Cont\u00e1ctenos<\/mark><\/h2><\/div>\n\n\n\n<p>Si necesitas ponerte en contacto con nosotros por cualquier motivo, no dudes en escribirnos a trav\u00e9s de nuestro formulario de contacto.<\/p>\n\n\n\n<div class=\"wp-block-uagb-forms uagb-forms__outer-wrap uagb-block-6feb663c uagb-forms__medium-btn\"><form class=\"uagb-forms-main-form\" method=\"post\" autocomplete=\"on\" name=\"uagb-form-6feb663c\">\n<div class=\"wp-block-uagb-forms-name uagb-forms-name-wrap uagb-forms-field-set uagb-block-c14027fa\"><div class=\"uagb-forms-name-label required uagb-forms-input-label\" id=\"c14027fa\">Nombre<\/div><input type=\"text\" placeholder=\"Juan\" required class=\"uagb-forms-name-input uagb-forms-input\" name=\"c14027fa\" autocomplete=\"given-name\"\/><\/div>\n\n\n\n<div class=\"wp-block-uagb-forms-name uagb-forms-name-wrap uagb-forms-field-set uagb-block-fc975219\"><div class=\"uagb-forms-name-label required uagb-forms-input-label\" id=\"fc975219\">Apellidos<\/div><input type=\"text\" placeholder=\"P\u00e9rez\" required class=\"uagb-forms-name-input uagb-forms-input\" name=\"fc975219\" autocomplete=\"family-name\"\/><\/div>\n\n\n\n<div class=\"wp-block-uagb-forms-email uagb-forms-email-wrap uagb-forms-field-set uagb-block-5f25bf35\"><div class=\"uagb-forms-email-label  uagb-forms-input-label\" id=\"5f25bf35\">Correo electr\u00f3nico<\/div><input type=\"email\" class=\"uagb-forms-email-input uagb-forms-input\" placeholder=\"ejemplo@correo.com\" name=\"5f25bf35\" autocomplete=\"email\"\/><\/div>\n\n\n\n<div class=\"wp-block-uagb-forms-textarea uagb-forms-textarea-wrap uagb-forms-field-set uagb-block-1d7c3277\"><div class=\"uagb-forms-textarea-label required uagb-forms-input-label\" id=\"1d7c3277\">Message<\/div><textarea required class=\"uagb-forms-textarea-input uagb-forms-input\" rows=\"4\" placeholder=\"Introduce tu mensaje\" name=\"1d7c3277\" autocomplete=\"off\"><\/textarea><\/div>\n<div class=\"uagb-forms-form-hidden-data\"><input type=\"hidden\" class=\"uagb_forms_form_label\" value=\"Spectra Form\"\/><input type=\"hidden\" class=\"uagb_forms_form_id\" value=\"uagb-form-6feb663c\"\/><\/div><div class=\"uagb-form-reacaptcha-error-6feb663c\"><\/div><div class=\"uagb-forms-main-submit-button-wrap wp-block-button\"><button class=\"uagb-forms-main-submit-button wp-block-button__link\"><div class=\"uagb-forms-main-submit-button-text\">Submit<\/div><\/button><\/div><\/form><div class=\"uagb-forms-success-message-6feb663c uagb-forms-submit-message-hide\"><span>The form has been submitted successfully!<\/span><\/div><div class=\"uagb-forms-failed-message-6feb663c uagb-forms-submit-message-hide\"><span>There has been some error while submitting the form. Please verify all form fields again.<\/span><\/div><\/div>\n<\/div>\n<\/div>\n<\/div><\/div>\n<\/div><\/div>\n","protected":false},"excerpt":{"rendered":"","protected":false},"author":1,"featured_media":0,"parent":0,"menu_order":0,"comment_status":"closed","ping_status":"closed","template":"","meta":{"_uag_custom_page_level_css":"","site-sidebar-layout":"default","site-content-layout":"","ast-site-content-layout":"default","site-content-style":"default","site-sidebar-style":"default","ast-global-header-display":"","ast-banner-title-visibility":"","ast-main-header-display":"","ast-hfb-above-header-display":"","ast-hfb-below-header-display":"","ast-hfb-mobile-header-display":"","site-post-title":"disabled","ast-breadcrumbs-content":"","ast-featured-img":"","footer-sml-layout":"","theme-transparent-header-meta":"","adv-header-id-meta":"","stick-header-meta":"","header-above-stick-meta":"","header-main-stick-meta":"","header-below-stick-meta":"","astra-migrate-meta-layouts":"set","footnotes":""},"uagb_featured_image_src":{"full":false,"thumbnail":false,"medium":false,"medium_large":false,"large":false,"1536x1536":false,"2048x2048":false,"mailpoet_newsletter_max":false,"woocommerce_thumbnail":false,"woocommerce_single":false,"woocommerce_gallery_thumbnail":false},"uagb_author_info":{"display_name":"cafeyte.net","author_link":"https:\/\/cafeyte.net\/index.php\/author\/cafeyte-net\/"},"uagb_comment_info":0,"uagb_excerpt":null,"_links":{"self":[{"href":"https:\/\/cafeyte.net\/index.php\/wp-json\/wp\/v2\/pages\/5528"}],"collection":[{"href":"https:\/\/cafeyte.net\/index.php\/wp-json\/wp\/v2\/pages"}],"about":[{"href":"https:\/\/cafeyte.net\/index.php\/wp-json\/wp\/v2\/types\/page"}],"author":[{"embeddable":true,"href":"https:\/\/cafeyte.net\/index.php\/wp-json\/wp\/v2\/users\/1"}],"replies":[{"embeddable":true,"href":"https:\/\/cafeyte.net\/index.php\/wp-json\/wp\/v2\/comments?post=5528"}],"version-history":[{"count":24,"href":"https:\/\/cafeyte.net\/index.php\/wp-json\/wp\/v2\/pages\/5528\/revisions"}],"predecessor-version":[{"id":5920,"href":"https:\/\/cafeyte.net\/index.php\/wp-json\/wp\/v2\/pages\/5528\/revisions\/5920"}],"wp:attachment":[{"href":"https:\/\/cafeyte.net\/index.php\/wp-json\/wp\/v2\/media?parent=5528"}],"curies":[{"name":"wp","href":"https:\/\/api.w.org\/{rel}","templated":true}]}}